{"id":94,"date":"2020-03-08T07:22:28","date_gmt":"2020-03-08T07:22:28","guid":{"rendered":"https:\/\/dimensionesturisticas.amiturismo.org\/?page_id=94"},"modified":"2021-11-30T21:58:42","modified_gmt":"2021-11-30T21:58:42","slug":"vol-2-num-2-enero-junio-2018","status":"publish","type":"page","link":"https:\/\/dimensionesturisticas.amiturismo.org\/en\/vol-2-num-2-enero-junio-2018","title":{"rendered":"Vol. 2 N\u00fam. 2 enero-junio 2018"},"content":{"rendered":"<h5>Legal Page<\/h5>\n\n\n\n<p><a href=\"https:\/\/dimensionesturisticas.amiturismo.org\/wp-content\/uploads\/2020\/03\/2018-DT-V2N2-01-Legal.pdf\" target=\"_blank\" rel=\"noreferrer noopener\" aria-label=\" (se abre en una nueva pesta\u00f1a)\">Legal Page<\/a><\/p>\n\n\n\n<div class=\"wp-block-file\"><a href=\"https:\/\/dimensionesturisticas.amiturismo.org\/wp-content\/uploads\/2020\/03\/2018-DT-V2N2-01-Legal.pdf\" class=\"wp-block-file__button\" download>PDF<\/a><\/div>\n\n\n\n<p><a href=\"https:\/\/dimensionesturisticas.amiturismo.org\/wp-content\/uploads\/2020\/03\/2018-DT-V2N2-02-presentacion.pdf\">Presentation \/ Presentaci\u00f3n<\/a><br>Nora Leticia Bringas R\u00e1bago, <em>Directora Dimensiones Tur\u00edsticas<\/em><\/p>\n\n\n\n<div class=\"wp-block-file\"><a href=\"https:\/\/dimensionesturisticas.amiturismo.org\/wp-content\/uploads\/2020\/03\/2018-DT-V2N2-02-presentacion.pdf\" class=\"wp-block-file__button\" download>PDF<\/a><\/div>\n\n\n\n<h5>Articles \/ Art\u00edculos <\/h5>\n\n\n\n<p class=\"has-small-font-size\"><a href=\"https:\/\/dimensionesturisticas.amiturismo.org\/wp-content\/uploads\/2020\/03\/2018-DT-V2N2-03_09-26-Rodriguez-Vargas.pdf\">Aproximaci\u00f3n reticular a la producci\u00f3n cient\u00edfica sobre turismo realizada por investigadores mexicanos \/ Reticular Approach to the Scientific Production on Tourism by Mexican Researchers<\/a><br>Ismael M. Rodr\u00edguez Herrera, <em>Departamento de Turismo Universidad Aut\u00f3noma de Aguascalientes<\/em><br>Astrid Vargas V\u00e1zquez, <em>Departamento de Turismo Universidad Aut\u00f3noma de Aguascalientes<\/em><\/p>\n\n\n\n<div class=\"wp-block-file\"><a href=\"https:\/\/dimensionesturisticas.amiturismo.org\/wp-content\/uploads\/2020\/03\/2018-DT-V2N2-03_09-26-Rodriguez-Vargas.pdf\" class=\"wp-block-file__button\" download>PDF<\/a><\/div>\n\n\n\n<p class=\"has-small-font-size\"><a href=\"https:\/\/dimensionesturisticas.amiturismo.org\/wp-content\/uploads\/2020\/03\/2018-DT-V2N2-04_27-52-Gonzalez.pdf\">Los valores del patrimonio geol\u00f3gico de la sierra La Primavera: las oportunidades para el geoturismo \/ Geological Heritage Values of Sierra La Primavera: Proposal of Geotourism<\/a><br> Luc\u00eda Gonz\u00e1lez Torreros, <em>Universidad de Guadalajara<\/em><\/p>\n\n\n\n<div class=\"wp-block-file\"><a href=\"https:\/\/dimensionesturisticas.amiturismo.org\/wp-content\/uploads\/2020\/03\/2018-DT-V2N2-04_27-52-Gonzalez.pdf\" class=\"wp-block-file__button\" download>PDF<\/a><\/div>\n\n\n\n<p class=\"has-small-font-size\"><a href=\"https:\/\/dimensionesturisticas.amiturismo.org\/wp-content\/uploads\/2020\/03\/2018-DT-V2N2-05_53-77-Magio-y-Velarde.pdf\">Ecoturismo y conservaci\u00f3n: Perspectivas y pr\u00e1cticas en las reservas de la bi\u00f3sfera de Los Tuxtlas, M\u00e9xico y Maasai Mara, Kenia \/ Ecotourism and conservation: Perspectives and practices in Los Tuxtlas Biosphere Reserve, Mexico y Maasai Mara Biosphere Reserve, Kenya<\/a><br> Kennedy Obombo Magio. <em>Programa C\u00e1tedras Conacyt Instituto Tecnol\u00f3gico de Canc\u00fan<\/em><br> M\u00f3nica Velarde Valadez, <em>Universidad de Occidente<\/em><\/p>\n\n\n\n<div class=\"wp-block-file\"><a href=\"https:\/\/dimensionesturisticas.amiturismo.org\/wp-content\/uploads\/2020\/03\/2018-DT-V2N2-05_53-77-Magio-y-Velarde.pdf\" class=\"wp-block-file__button\" download>PDF<\/a><\/div>\n\n\n\n<p class=\"has-small-font-size\"><a href=\"https:\/\/dimensionesturisticas.amiturismo.org\/wp-content\/uploads\/2020\/03\/2018-DT-V2N2-06_79-101-Gerardo-Zu\u00f1iga-Bravo.pdf\">Patrimonializaci\u00f3n y turismo en Zozocolco de Hidalgo, Veracruz Etnicidad, cultura, naturaleza y puesta en valor \/ Patrimonialization and Tourism in Zozocolco de Hidalgo, Veracruz. Ethnicity, Culture, Nature and Putting in Value<\/a><br> Federico Gerardo Z\u00fa\u00f1iga Bravo, <em>Direcci\u00f3n de Etnolog\u00eda y Antropolog\u00eda Social Instituto Nacional de Antropolog\u00eda e Historia<\/em><\/p>\n\n\n\n<div class=\"wp-block-file\"><a href=\"https:\/\/dimensionesturisticas.amiturismo.org\/wp-content\/uploads\/2020\/03\/2018-DT-V2N2-06_79-101-Gerardo-Zu\u00f1iga-Bravo.pdf\" class=\"wp-block-file__button\" download>PDF<\/a><\/div>\n\n\n\n<p class=\"has-small-font-size\"><a href=\"https:\/\/dimensionesturisticas.amiturismo.org\/wp-content\/uploads\/2020\/03\/2018-DT-V2N2-07_103-122-Mora-Torres.pdf\">\u00bfPeregrinaci\u00f3n, turismo o turismo religioso? La reinterpretaci\u00f3n del Santuario del Se\u00f1or del Cerrito, Estado de M\u00e9xico \/ Pilgrimage, Tourism or Religious Tourism? Reinterpretation of Sanctuary of the Lord of the Hill, State of Mexico<\/a><br> V\u00edctor Manuel Mora Torres, <em>Universidad Aut\u00f3noma del Estado de M\u00e9xico<\/em><\/p>\n\n\n\n<div class=\"wp-block-file\"><a href=\"https:\/\/dimensionesturisticas.amiturismo.org\/wp-content\/uploads\/2020\/03\/2018-DT-V2N2-07_103-122-Mora-Torres.pdf\" class=\"wp-block-file__button\" download>PDF<\/a><\/div>\n\n\n\n<h5>Essay \/ Nota Cr\u00edtica <\/h5>\n\n\n\n<p class=\"has-small-font-size\"><a href=\"https:\/\/dimensionesturisticas.amiturismo.org\/wp-content\/uploads\/2020\/03\/2018-DT-V2N2-08_123-132-Nota-Hiernaux.pdf\">M\u00e1s de tres d\u00e9cadas de investigaci\u00f3n tur\u00edstica en M\u00e9xico: Algunas reflexiones \/ More than three decades of tourism research in Mexico: Some reflections<\/a><br> Daniel Hiernaux-Nicolas, <em>Facultad de Ciencias Pol\u00edticas y Sociales Universidad Aut\u00f3noma de Quer\u00e9taro<\/em><\/p>\n\n\n\n<div class=\"wp-block-file\"><a href=\"https:\/\/dimensionesturisticas.amiturismo.org\/wp-content\/uploads\/2020\/03\/2018-DT-V2N2-08_123-132-Nota-Hiernaux.pdf\" class=\"wp-block-file__button\" download>PDF<\/a><\/div>\n\n\n\n<h5>Book review \/ Rese\u00f1a bibliogr\u00e1fica <\/h5>\n\n\n\n<p class=\"has-small-font-size\"><a href=\"https:\/\/dimensionesturisticas.amiturismo.org\/wp-content\/uploads\/2020\/03\/2018-DT-V2N2-09_133-135-Resen_a-Espinoza_Chavez-DTV2N2.pdf\">Construcci\u00f3n social de la experiencia tur\u00edstica. Una cooproducci\u00f3n de turistas y de anfitriones basada en hechos reales<\/a><br> Rodrigo Espinoza S\u00e1nchez, <em>Centro Universitario de la Costa, Universidad de Guadalajara<\/em><br>Rosa Mar\u00eda Ch\u00e1vez Dagostino, <em>Centro Universitario de la Costa, Universidad de Guadalajara<\/em><\/p>\n\n\n\n<div class=\"wp-block-file\"><a href=\"https:\/\/dimensionesturisticas.amiturismo.org\/wp-content\/uploads\/2020\/03\/2018-DT-V2N2-09_133-135-Resen_a-Espinoza_Chavez-DTV2N2.pdf\" class=\"wp-block-file__button\" download>PDF<\/a><\/div>\n\n\n\n<h5>Rese\u00f1a de congreso \/ Congress review <\/h5>\n\n\n\n<p class=\"has-small-font-size\"><a href=\"https:\/\/dimensionesturisticas.amiturismo.org\/wp-content\/uploads\/2020\/03\/2018-DT-V2N2-10_137-143-Resen_a-Congreso-DTV2N2-1.pdf\">XI Congreso Internacional de la AMIT \u201c30 A\u00f1os de Investigaci\u00f3n Tur\u00edstica en M\u00e9xico\u201d<\/a><br> Irma Maga\u00f1a Carrillo, <em>Universidad de Colima <\/em><br> Maribel Osorio Garc\u00eda<em>, Universidad Aut\u00f3noma del Estado de M\u00e9xico<\/em><\/p>\n\n\n\n<div class=\"wp-block-file\"><a href=\"https:\/\/dimensionesturisticas.amiturismo.org\/wp-content\/uploads\/2020\/03\/2018-DT-V2N2-10_137-143-Resen_a-Congreso-DTV2N2-1.pdf\" class=\"wp-block-file__button\" download>PDF<\/a><\/div>","protected":false},"excerpt":{"rendered":"<p>P\u00e1gina Legal P\u00e1gina legal Presentaci\u00f3n \/ PresentationNora Leticia Bringas R\u00e1bago, Directora Dimensiones Tur\u00edsticas Art\u00edculos \/ Articles Aproximaci\u00f3n reticular a la producci\u00f3n cient\u00edfica sobre turismo realizada por<span class=\"excerpt-hellip\"> [\u2026]<\/span><\/p>","protected":false},"author":1,"featured_media":0,"parent":0,"menu_order":0,"comment_status":"closed","ping_status":"closed","template":"","meta":[],"acf":[],"_links":{"self":[{"href":"https:\/\/dimensionesturisticas.amiturismo.org\/en\/wp-json\/wp\/v2\/pages\/94"}],"collection":[{"href":"https:\/\/dimensionesturisticas.amiturismo.org\/en\/wp-json\/wp\/v2\/pages"}],"about":[{"href":"https:\/\/dimensionesturisticas.amiturismo.org\/en\/wp-json\/wp\/v2\/types\/page"}],"author":[{"embeddable":true,"href":"https:\/\/dimensionesturisticas.amiturismo.org\/en\/wp-json\/wp\/v2\/users\/1"}],"replies":[{"embeddable":true,"href":"https:\/\/dimensionesturisticas.amiturismo.org\/en\/wp-json\/wp\/v2\/comments?post=94"}],"version-history":[{"count":4,"href":"https:\/\/dimensionesturisticas.amiturismo.org\/en\/wp-json\/wp\/v2\/pages\/94\/revisions"}],"predecessor-version":[{"id":119,"href":"https:\/\/dimensionesturisticas.amiturismo.org\/en\/wp-json\/wp\/v2\/pages\/94\/revisions\/119"}],"wp:attachment":[{"href":"https:\/\/dimensionesturisticas.amiturismo.org\/en\/wp-json\/wp\/v2\/media?parent=94"}],"curies":[{"name":"wp","href":"https:\/\/api.w.org\/{rel}","templated":true}]}}