{"id":922,"date":"2020-12-17T22:55:03","date_gmt":"2020-12-17T22:55:03","guid":{"rendered":"https:\/\/dimensionesturisticas.amiturismo.org\/?page_id=922"},"modified":"2020-12-17T22:55:04","modified_gmt":"2020-12-17T22:55:04","slug":"videos","status":"publish","type":"page","link":"https:\/\/dimensionesturisticas.amiturismo.org\/en\/videos","title":{"rendered":"Videos"},"content":{"rendered":"<p class=\"has-medium-font-size\">Vol. 4, Num. 7 July-December 2020<\/p>\n\n\n\n<div class=\"wp-block-media-text alignwide is-stacked-on-mobile\"><figure class=\"wp-block-media-text__media\"><video controls src=\"https:\/\/dimensionesturisticas.amiturismo.org\/wp-content\/uploads\/2020\/12\/DT-V4N7_3-Jose-Guadalupe-Magdaleno-Elizondo.mp4\"><\/video><\/figure><div class=\"wp-block-media-text__content\">\n<p class=\"has-normal-font-size\">Communication effectiveness in small and medium-sized enterprises in the tourism sector in a highly competitive environment <\/p>\n\n\n\n<p class=\"has-normal-font-size\">Jos\u00e9 Guadalupe Magdaleno Elizondo<\/p>\n<\/div><\/div>\n\n\n\n<div style=\"height:20px\" aria-hidden=\"true\" class=\"wp-block-spacer\"><\/div>\n\n\n\n<div class=\"wp-block-media-text alignwide is-stacked-on-mobile\"><figure class=\"wp-block-media-text__media\"><video controls src=\"https:\/\/dimensionesturisticas.amiturismo.org\/wp-content\/uploads\/2020\/12\/DT-V4N7_Alcazar-y-Olmos.mp4\"><\/video><\/figure><div class=\"wp-block-media-text__content\">\n<p class=\"has-normal-font-size\">State of knowledge on sustainable development in Pueblos M\u00e1gicos<\/p>\n\n\n\n<p class=\"has-normal-font-size\">Arely Alc\u00e1zar Guzm\u00e1n y Elizabeth Olmos-Mart\u00ednez<\/p>\n<\/div><\/div>\n\n\n\n<div style=\"height:20px\" aria-hidden=\"true\" class=\"wp-block-spacer\"><\/div>\n\n\n\n<div class=\"wp-block-media-text alignwide is-stacked-on-mobile\"><figure class=\"wp-block-media-text__media\"><video controls src=\"https:\/\/dimensionesturisticas.amiturismo.org\/wp-content\/uploads\/2020\/12\/DT-V4N7_6-Ricardo-Sonda.mp4\"><\/video><\/figure><div class=\"wp-block-media-text__content\">\n<p class=\"has-normal-font-size\">Centennials job expectations for Canc\u00fan tourism businesses. Approach based on McClelland\u2019s theory of needs<\/p>\n\n\n\n<p class=\"has-normal-font-size\">Ricardo Sonda de la Rosa<\/p>\n<\/div><\/div>\n\n\n\n<div style=\"height:50px\" aria-hidden=\"true\" class=\"wp-block-spacer\"><\/div>\n\n\n\n<p class=\"has-medium-font-size\">Vol. 4 Special Number. September 2020<\/p>\n\n\n\n<div class=\"wp-block-media-text alignwide is-stacked-on-mobile\"><figure class=\"wp-block-media-text__media\"><video controls src=\"https:\/\/dimensionesturisticas.amiturismo.org\/wp-content\/uploads\/2020\/12\/DT-V4NE_2-Alfonso-Gonzalez.mp4\"><\/video><\/figure><div class=\"wp-block-media-text__content\">\n<p class=\"has-normal-font-size\">Evolution and implications of the COVID-19 pandemic in main tourism municipalities of Mexico<\/p>\n\n\n\n<p class=\"has-normal-font-size\">Alfonso Gonz\u00e1lez Dami\u00e1n<\/p>\n<\/div><\/div>\n\n\n\n<div style=\"height:20px\" aria-hidden=\"true\" class=\"wp-block-spacer\"><\/div>\n\n\n\n<div class=\"wp-block-media-text alignwide is-stacked-on-mobile\"><figure class=\"wp-block-media-text__media\"><video controls src=\"https:\/\/dimensionesturisticas.amiturismo.org\/wp-content\/uploads\/2020\/12\/DT-V4NE_3-Alfonso-Zepeda.mp4\"><\/video><\/figure><div class=\"wp-block-media-text__content\">\n<p class=\"has-normal-font-size\">Tourism policy in the face of COVID-19: the case of Mexico<\/p>\n\n\n\n<p class=\"has-normal-font-size\">Alfonso Zepeda Arce<\/p>\n<\/div><\/div>\n\n\n\n<div style=\"height:20px\" aria-hidden=\"true\" class=\"wp-block-spacer\"><\/div>\n\n\n\n<div class=\"wp-block-media-text alignwide is-stacked-on-mobile\"><figure class=\"wp-block-media-text__media\"><video controls src=\"https:\/\/dimensionesturisticas.amiturismo.org\/wp-content\/uploads\/2020\/12\/DT-V4NE_4-Basilio-Verdusco.mp4\"><\/video><\/figure><div class=\"wp-block-media-text__content\">\n<p class=\"has-normal-font-size\">Estimating the vulnerability of the tourist municipalities of Jalisco to the covid-2019 pandemic and public policy options<\/p>\n\n\n\n<p class=\"has-normal-font-size\">Basilio Verduzco Ch\u00e1vez<\/p>\n<\/div><\/div>\n\n\n\n<div style=\"height:20px\" aria-hidden=\"true\" class=\"wp-block-spacer\"><\/div>\n\n\n\n<div class=\"wp-block-media-text alignwide is-stacked-on-mobile\"><figure class=\"wp-block-media-text__media\"><video controls src=\"https:\/\/dimensionesturisticas.amiturismo.org\/wp-content\/uploads\/2020\/12\/DT-V4NE_6-Irma-Magana-Carrillo.mp4\"><\/video><\/figure><div class=\"wp-block-media-text__content\">\n<p class=\"has-normal-font-size\">Travel intentions to a regional tourist destination in the pos-COVID-19 context: the case of Colima, Mexico.<\/p>\n\n\n\n<p class=\"has-normal-font-size\">Irma Maga\u00f1a Carrillo<\/p>\n<\/div><\/div>\n\n\n\n<div style=\"height:50px\" aria-hidden=\"true\" class=\"wp-block-spacer\"><\/div>\n\n\n\n<p class=\"has-medium-font-size\">Vol. 4 Num 6 January-June 2020<\/p>\n\n\n\n<div class=\"wp-block-media-text alignwide is-stacked-on-mobile\"><figure class=\"wp-block-media-text__media\"><video controls src=\"https:\/\/dimensionesturisticas.amiturismo.org\/wp-content\/uploads\/2020\/12\/DT-V4N6_1-Hector-Moreno-Mendoza.mp4\"><\/video><\/figure><div class=\"wp-block-media-text__content\">\n<p class=\"has-normal-font-size\">The Ecomuseum as a space for the activation of tourism governance processes. Heritage co-management as responsible management<\/p>\n\n\n\n<p class=\"has-normal-font-size\">H\u00e9ctor Moreno Mendoza<\/p>\n<\/div><\/div>\n\n\n\n<div style=\"height:20px\" aria-hidden=\"true\" class=\"wp-block-spacer\"><\/div>\n\n\n\n<div class=\"wp-block-media-text alignwide is-stacked-on-mobile\"><figure class=\"wp-block-media-text__media\"><video controls src=\"https:\/\/dimensionesturisticas.amiturismo.org\/wp-content\/uploads\/2020\/12\/DT-V4N6_2-Jessica-Figueroa.mp4\"><\/video><\/figure><div class=\"wp-block-media-text__content\">\n<p class=\"has-normal-font-size\">Tourism and fighting poverty in Peru. Two regional case studies<\/p>\n\n\n\n<p class=\"has-normal-font-size\">Jessica Figueroa Pinedo<\/p>\n<\/div><\/div>\n\n\n\n<div style=\"height:20px\" aria-hidden=\"true\" class=\"wp-block-spacer\"><\/div>\n\n\n\n<div class=\"wp-block-media-text alignwide is-stacked-on-mobile\"><figure class=\"wp-block-media-text__media\"><video controls src=\"https:\/\/dimensionesturisticas.amiturismo.org\/wp-content\/uploads\/2020\/12\/DT-V4N6_4-Victor-Vladimir-2.mp4\"><\/video><\/figure><div class=\"wp-block-media-text__content\">\n<p class=\"has-normal-font-size\">The tourist image of Mazatlan, Mexico: according to the perception of national tourists<\/p>\n\n\n\n<p class=\"has-normal-font-size\">V\u00edctor Vladimir S\u00e1nchez Mendoza<\/p>\n<\/div><\/div>\n\n\n\n<div style=\"height:20px\" aria-hidden=\"true\" class=\"wp-block-spacer\"><\/div>\n\n\n\n<div class=\"wp-block-media-text alignwide is-stacked-on-mobile\"><figure class=\"wp-block-media-text__media\"><video controls src=\"https:\/\/dimensionesturisticas.amiturismo.org\/wp-content\/uploads\/2020\/12\/DT-V4N6_NC-Mario-Alberto-Velazquez-Garcia.mp4\"><\/video><\/figure><div class=\"wp-block-media-text__content\">\n<p class=\"has-normal-font-size\">The study of the night in tourism: a research agenda<\/p>\n\n\n\n<p class=\"has-normal-font-size\">Mario Alberto Vel\u00e1zquez Garc\u00eda<\/p>\n<\/div><\/div>\n\n\n\n<div style=\"height:50px\" aria-hidden=\"true\" class=\"wp-block-spacer\"><\/div>\n\n\n\n<p class=\"has-medium-font-size\">Vol. 1, Num. 1 July-December 2017<\/p>\n\n\n\n<div class=\"wp-block-media-text alignwide is-stacked-on-mobile\"><figure class=\"wp-block-media-text__media\"><video controls src=\"https:\/\/dimensionesturisticas.amiturismo.org\/wp-content\/uploads\/2020\/12\/Maribel-Osorio-Garcia-Revista-Dimensiones-Turisticas.mp4\"><\/video><\/figure><div class=\"wp-block-media-text__content\">\n<p class=\"has-normal-font-size\">Reflections regarding the status of tourism research<\/p>\n\n\n\n<p class=\"has-normal-font-size\">Maribel Osorio Garc\u00eda<\/p>\n<\/div><\/div>\n\n\n\n<div style=\"height:20px\" aria-hidden=\"true\" class=\"wp-block-spacer\"><\/div>\n\n\n\n<div class=\"wp-block-media-text alignwide is-stacked-on-mobile\"><figure class=\"wp-block-media-text__media\"><video controls src=\"https:\/\/dimensionesturisticas.amiturismo.org\/wp-content\/uploads\/2020\/12\/Basilio-Verduzco-Chavez-Dimensiones-Turisticas.mp4\"><\/video><\/figure><div class=\"wp-block-media-text__content\">\n<p class=\"has-normal-font-size\">The approaching tsunami: Emergence of public policies oriented toward enhancing the experience of tourists<\/p>\n\n\n\n<p class=\"has-normal-font-size\">Basilio Verduzco Ch\u00e1vez<\/p>\n<\/div><\/div>\n\n\n\n<div style=\"height:20px\" aria-hidden=\"true\" class=\"wp-block-spacer\"><\/div>\n\n\n\n<div class=\"wp-block-media-text alignwide is-stacked-on-mobile\"><figure class=\"wp-block-media-text__media\"><video controls src=\"https:\/\/dimensionesturisticas.amiturismo.org\/wp-content\/uploads\/2020\/12\/Alfonso-Gonzalez-Damian-Dimensiones-Turisticas.mp4\"><\/video><\/figure><div class=\"wp-block-media-text__content\">\n<p class=\"has-normal-font-size\">The relationship between tourism enterprises and sustainable development in management and social theories. A schematic proposal for its approach<\/p>\n\n\n\n<p class=\"has-normal-font-size\">Alfonso Gonz\u00e1lez Dami\u00e1n<\/p>\n<\/div><\/div>\n\n\n\n<div style=\"height:20px\" aria-hidden=\"true\" class=\"wp-block-spacer\"><\/div>\n\n\n\n<div class=\"wp-block-media-text alignwide is-stacked-on-mobile\"><figure class=\"wp-block-media-text__media\"><video controls src=\"https:\/\/dimensionesturisticas.amiturismo.org\/wp-content\/uploads\/2020\/12\/Dr.-Alfonso-de-Jesus-Jimenez-Martinez-Dimensiones-Turisticas.mp4\"><\/video><\/figure><div class=\"wp-block-media-text__content\">\n<p class=\"has-normal-font-size\">Universities and tourism: Reflections on tourism research in Mexico <\/p>\n\n\n\n<p class=\"has-normal-font-size\">Alfonso De Jes\u00fas Jim\u00e9nez Mart\u00ednez<\/p>\n<\/div><\/div>\n\n\n\n<div style=\"height:20px\" aria-hidden=\"true\" class=\"wp-block-spacer\"><\/div>\n\n\n\n<div class=\"wp-block-media-text alignwide is-stacked-on-mobile\"><figure class=\"wp-block-media-text__media\"><video controls src=\"https:\/\/dimensionesturisticas.amiturismo.org\/wp-content\/uploads\/2020\/12\/Dra.-Monica-Velarde-Valdez-Dimensiones-Turisticas.mp4\"><\/video><\/figure><div class=\"wp-block-media-text__content\">\n<p class=\"has-normal-font-size\">X International Conference of the Mexican Association of Tourism Research<\/p>\n\n\n\n<p class=\"has-normal-font-size\">M\u00f3nica Velarde Valdez<\/p>\n<\/div><\/div>\n\n\n\n<div style=\"height:50px\" aria-hidden=\"true\" class=\"wp-block-spacer\"><\/div>","protected":false},"excerpt":{"rendered":"<p>Vol. 4, N\u00fam. 7 julio-diciembre 2020 Efectividad de la comunicaci\u00f3n en las peque\u00f1as y medianas empresas del sector tur\u00edstico en un entorno altamente competitivo. Jos\u00e9 Guadalupe<span class=\"excerpt-hellip\"> [\u2026]<\/span><\/p>","protected":false},"author":1,"featured_media":0,"parent":0,"menu_order":0,"comment_status":"closed","ping_status":"closed","template":"","meta":[],"acf":[],"_links":{"self":[{"href":"https:\/\/dimensionesturisticas.amiturismo.org\/en\/wp-json\/wp\/v2\/pages\/922"}],"collection":[{"href":"https:\/\/dimensionesturisticas.amiturismo.org\/en\/wp-json\/wp\/v2\/pages"}],"about":[{"href":"https:\/\/dimensionesturisticas.amiturismo.org\/en\/wp-json\/wp\/v2\/types\/page"}],"author":[{"embeddable":true,"href":"https:\/\/dimensionesturisticas.amiturismo.org\/en\/wp-json\/wp\/v2\/users\/1"}],"replies":[{"embeddable":true,"href":"https:\/\/dimensionesturisticas.amiturismo.org\/en\/wp-json\/wp\/v2\/comments?post=922"}],"version-history":[{"count":19,"href":"https:\/\/dimensionesturisticas.amiturismo.org\/en\/wp-json\/wp\/v2\/pages\/922\/revisions"}],"predecessor-version":[{"id":959,"href":"https:\/\/dimensionesturisticas.amiturismo.org\/en\/wp-json\/wp\/v2\/pages\/922\/revisions\/959"}],"wp:attachment":[{"href":"https:\/\/dimensionesturisticas.amiturismo.org\/en\/wp-json\/wp\/v2\/media?parent=922"}],"curies":[{"name":"wp","href":"https:\/\/api.w.org\/{rel}","templated":true}]}}