{"id":740,"date":"2020-11-27T20:44:09","date_gmt":"2020-11-27T20:44:09","guid":{"rendered":"https:\/\/dimensionesturisticas.amiturismo.org\/?page_id=740"},"modified":"2023-05-04T20:13:04","modified_gmt":"2023-05-04T20:13:04","slug":"numeros-anteriores-2","status":"publish","type":"page","link":"https:\/\/dimensionesturisticas.amiturismo.org\/en\/numeros-anteriores-2","title":{"rendered":"Previous Number"},"content":{"rendered":"<p><\/p>\n\n\n\n<figure class=\"wp-block-table is-style-regular\"><table><tbody><tr><td class=\"has-text-align-center\" data-align=\"center\"><img loading=\"lazy\" width=\"1497\" height=\"2048\" class=\"wp-image-1449\" style=\"width: 500px;\" src=\"https:\/\/dimensionesturisticas.amiturismo.org\/wp-content\/uploads\/2022\/08\/Portada.png\" alt=\"\" srcset=\"https:\/\/dimensionesturisticas.amiturismo.org\/wp-content\/uploads\/2022\/08\/Portada.png 1497w, https:\/\/dimensionesturisticas.amiturismo.org\/wp-content\/uploads\/2022\/08\/Portada-219x300.png 219w, https:\/\/dimensionesturisticas.amiturismo.org\/wp-content\/uploads\/2022\/08\/Portada-749x1024.png 749w, https:\/\/dimensionesturisticas.amiturismo.org\/wp-content\/uploads\/2022\/08\/Portada-768x1051.png 768w, https:\/\/dimensionesturisticas.amiturismo.org\/wp-content\/uploads\/2022\/08\/Portada-1123x1536.png 1123w, https:\/\/dimensionesturisticas.amiturismo.org\/wp-content\/uploads\/2022\/08\/Portada-9x12.png 9w, https:\/\/dimensionesturisticas.amiturismo.org\/wp-content\/uploads\/2022\/08\/Portada-107x146.png 107w, https:\/\/dimensionesturisticas.amiturismo.org\/wp-content\/uploads\/2022\/08\/Portada-37x50.png 37w, https:\/\/dimensionesturisticas.amiturismo.org\/wp-content\/uploads\/2022\/08\/Portada-55x75.png 55w\" sizes=\"(max-width: 1497px) 100vw, 1497px\" \/><br><a href=\"https:\/\/dimensionesturisticas.amiturismo.org\/en\/vol-6-num-10-enero-junio-2022\/\">VOL. 6 N\u00daM 10<br>ENERO-JUNIO 2021<\/a><\/td><td class=\"has-text-align-center\" data-align=\"center\"><img src=\"https:\/\/dimensionesturisticas.amiturismo.org\/wp-content\/uploads\/2021\/08\/Portada-num-9-v5.jpg\" alt=\"\"><br><a href=\"https:\/\/dimensionesturisticas.amiturismo.org\/en\/vol-5-num-9-julio-diciembre-2021\/\">VOL. 5 N\u00daM 9<br>JULIO-DICIEMBRE 2021<\/a><\/td><td class=\"has-text-align-center\" data-align=\"center\"><img src=\"https:\/\/dimensionesturisticas.amiturismo.org\/wp-content\/uploads\/2021\/04\/Portada-DT-V5N8-01-scaled.jpg\" alt=\"\"><br><a href=\"https:\/\/dimensionesturisticas.amiturismo.org\/en\/vol-5-num-8-enero-junio-2021\/\">VOL. 5 N\u00daM 8<br>ENERO-JUNIO 2021<\/a><\/td><\/tr><tr><td class=\"has-text-align-center\" data-align=\"center\"><img src=\"https:\/\/dimensionesturisticas.amiturismo.org\/wp-content\/uploads\/2021\/04\/DT-V4N7-Portada-2.jpg\" alt=\"\"><br><a href=\"https:\/\/dimensionesturisticas.amiturismo.org\/en\/vol-4-num-7-julio-diciembre-2020\/\">VOL. 4 N\u00daM 7<br>JULY-DECEMBER 2020<\/a><\/td><td class=\"has-text-align-center\" data-align=\"center\"><img src=\"https:\/\/dimensionesturisticas.amiturismo.org\/wp-content\/uploads\/2020\/09\/2020-DT-V4-NE_0-Portada-scaled.jpg\" alt=\"\"><br><a href=\"https:\/\/dimensionesturisticas.amiturismo.org\/en\/vol-4-numero-especial-septiembre-2020\/\">VOL. 4 SPECIAL NUMBER<br>SEPTEMBER 2020<\/a><\/td><td class=\"has-text-align-center\" data-align=\"center\"><img src=\"https:\/\/dimensionesturisticas.amiturismo.org\/wp-content\/uploads\/2020\/08\/Portada-scaled.jpg\" alt=\"\"><br><a href=\"https:\/\/dimensionesturisticas.amiturismo.org\/en\/vol-4-num-6-enero-junio-2020\/\">VOL. 4 N\u00daM 6<br>JANUARY-JUNE 2020<\/a><\/td><\/tr><tr><td class=\"has-text-align-center\" data-align=\"center\"><img src=\"https:\/\/dimensionesturisticas.amiturismo.org\/wp-content\/uploads\/2020\/03\/Portada-DT-05-e1583643902136.jpg\" alt=\"\"><br><a href=\"https:\/\/dimensionesturisticas.amiturismo.org\/en\/vol-3-num-5-julio-diciembre-2019\/\">VOL. 3 N\u00daM 5<br>JULY-DECEMBER 2019<\/a><\/td><td class=\"has-text-align-center\" data-align=\"center\"><img src=\"https:\/\/dimensionesturisticas.amiturismo.org\/wp-content\/uploads\/2020\/03\/Portada-DT-04-e1583643852424.jpg\" alt=\"\"><br><a href=\"https:\/\/dimensionesturisticas.amiturismo.org\/en\/vol-3-num-4-enero-junio-2019\/\">VOL. 3 N\u00daM 4<br>JANUARY-JUNE 2019<\/a><\/td><td class=\"has-text-align-center\" data-align=\"center\"><img src=\"https:\/\/dimensionesturisticas.amiturismo.org\/wp-content\/uploads\/2020\/03\/Portada-DT-03.jpg\" alt=\"\"><br><a href=\"https:\/\/dimensionesturisticas.amiturismo.org\/en\/vol-2-num-3-julio-diciembre-2018\/\">VOL. 2 N\u00daM. 3<br>JULY-DECEMBER 2018<\/a><\/td><\/tr><tr><td class=\"has-text-align-center\" data-align=\"center\"><img src=\"https:\/\/dimensionesturisticas.amiturismo.org\/wp-content\/uploads\/2020\/03\/Portada-DT-02-scaled.jpg\" alt=\"\"><br><a href=\"https:\/\/dimensionesturisticas.amiturismo.org\/en\/vol-2-num-2-enero-junio-2018\/\">VOL. 2 N\u00daM. 2<br>JANUARY-JUNE 2018<\/a><\/td><td class=\"has-text-align-center\" data-align=\"center\"><img src=\"https:\/\/dimensionesturisticas.amiturismo.org\/wp-content\/uploads\/2020\/03\/Portada-DT-01-scaled.jpg\" alt=\"\"><br><a href=\"https:\/\/dimensionesturisticas.amiturismo.org\/en\/vol-1-num-1-julio-diciembre-2017\/\">VOL. 1 N\u00daM. 1<br>JULY-DECEMBER 2017<\/a><\/td><td class=\"has-text-align-center\" data-align=\"center\"><\/td><\/tr><\/tbody><\/table><\/figure>","protected":false},"excerpt":{"rendered":"<p>VOL. 6 N\u00daM 10ENERO-JUNIO 2021 VOL. 5 N\u00daM 9JULIO-DICIEMBRE 2021 VOL. 5 N\u00daM 8ENERO-JUNIO 2021 VOL. 4 N\u00daM 7JULIO-DICIEMBRE 2020 VOL. 4 N\u00daMERO ESPECIALSEPTIEMBRE 2020 VOL.<span class=\"excerpt-hellip\"> [\u2026]<\/span><\/p>","protected":false},"author":1,"featured_media":0,"parent":0,"menu_order":0,"comment_status":"closed","ping_status":"closed","template":"","meta":[],"acf":[],"_links":{"self":[{"href":"https:\/\/dimensionesturisticas.amiturismo.org\/en\/wp-json\/wp\/v2\/pages\/740"}],"collection":[{"href":"https:\/\/dimensionesturisticas.amiturismo.org\/en\/wp-json\/wp\/v2\/pages"}],"about":[{"href":"https:\/\/dimensionesturisticas.amiturismo.org\/en\/wp-json\/wp\/v2\/types\/page"}],"author":[{"embeddable":true,"href":"https:\/\/dimensionesturisticas.amiturismo.org\/en\/wp-json\/wp\/v2\/users\/1"}],"replies":[{"embeddable":true,"href":"https:\/\/dimensionesturisticas.amiturismo.org\/en\/wp-json\/wp\/v2\/comments?post=740"}],"version-history":[{"count":8,"href":"https:\/\/dimensionesturisticas.amiturismo.org\/en\/wp-json\/wp\/v2\/pages\/740\/revisions"}],"predecessor-version":[{"id":1533,"href":"https:\/\/dimensionesturisticas.amiturismo.org\/en\/wp-json\/wp\/v2\/pages\/740\/revisions\/1533"}],"wp:attachment":[{"href":"https:\/\/dimensionesturisticas.amiturismo.org\/en\/wp-json\/wp\/v2\/media?parent=740"}],"curies":[{"name":"wp","href":"https:\/\/api.w.org\/{rel}","templated":true}]}}