{"id":736,"date":"2020-11-27T06:28:10","date_gmt":"2020-11-27T06:28:10","guid":{"rendered":"https:\/\/dimensionesturisticas.amiturismo.org\/?page_id=736"},"modified":"2021-11-30T21:52:14","modified_gmt":"2021-11-30T21:52:14","slug":"vol-4-num-7-julio-diciembre-2020","status":"publish","type":"page","link":"https:\/\/dimensionesturisticas.amiturismo.org\/en\/vol-4-num-7-julio-diciembre-2020","title":{"rendered":"Vol. 4 No. 7 July-December 2020"},"content":{"rendered":"<h5>Legal Page<\/h5>\n<p>\n\n\n\n<\/p>\n<p><a href=\"https:\/\/dimensionesturisticas.amiturismo.org\/wp-content\/uploads\/2020\/11\/2020-DT-V4-N7_01-Legal.pdf\" target=\"_blank\" rel=\"noreferrer noopener\" aria-label=\" (se abre en una nueva pesta\u00f1a)\">Legal Page<\/a><\/p>\n<p>\n\n\n\n<\/p>\n<div class=\"wp-block-file\"><a class=\"wp-block-file__button\" href=\"https:\/\/dimensionesturisticas.amiturismo.org\/wp-content\/uploads\/2020\/11\/2020-DT-V4-N7_01-Legal.pdf\" download=\"\">PDF<\/a><\/div>\n<p>\n\n\n\n<\/p>\n<p><a href=\"https:\/\/dimensionesturisticas.amiturismo.org\/wp-content\/uploads\/2020\/11\/2020-DT-V4-N7_02-Presenta-241120.pdf\">Presentation \/ Presentaci\u00f3n<\/a><br \/>Nora Leticia Bringas R\u00e1bago, Director of Dimensiones Tur\u00edsticas<\/p>\n<p>\n\n\n\n<\/p>\n<div class=\"wp-block-file\"><a class=\"wp-block-file__button\" href=\"https:\/\/dimensionesturisticas.amiturismo.org\/wp-content\/uploads\/2020\/11\/2020-DT-V4-N7_02-Presenta-241120.pdf\" download=\"\">PDF<\/a><\/div>\n<p>\n\n\n\n<\/p>\n<h5>Articles \/ Art\u00edculos<\/h5>\n<p>\n\n\n\n<\/p>\n<p class=\"has-small-font-size\"><a href=\"https:\/\/dimensionesturisticas.amiturismo.org\/wp-content\/uploads\/2020\/11\/2020-DT-V4-N7_Art-1-Etica-y-politica-en-la-investigacion-del-turismo-9-28.pdf\">\u00c9tica y pol\u00edtica en la investigaci\u00f3n del turismo \/ Ethics and politics in tourism research\u00a0<\/a><br \/>Alejandro Mantec\u00f3n Ter\u00e1n, <em>Universidad de Alicante, Espa\u00f1a\u00a0<\/em><br \/><br \/><\/p>\n<details>\n<summary><strong><small>Abstract \/ Resumen<\/small><\/strong><\/summary>\n<p style=\"text-align: justify;\"><small>El cuestionamiento de las l\u00f3gicas positivistas, dominantes en la investigaci\u00f3n del turismo, favoreci\u00f3 en el umbral del siglo XXI el desarrollo del llamado giro cr\u00edtico de los estudios tur\u00edsticos y el intento de construcci\u00f3n de un nuevo paradigma con rasgos distintivos: la Academia de Esperanza. Se revisa este proceso y se critican las bases te\u00f3ricas y los supuestos \u00e9tico-pol\u00edticos en los que se sostiene. Finalmente, se explica el tipo de relaci\u00f3n que debe establecer el an\u00e1lisis cr\u00edtico del turismo con la reflexi\u00f3n moral sobre sus efectos.<\/small><\/p>\n<p><strong><small>Abstract<\/small><\/strong><\/p>\n<p style=\"text-align: justify;\"><small>The questioning of logical positivism, dominant in tourism research, drove to the so-called critical turn in tourism studies, on the threshold of the twenty-<br \/>first century. As a result, the Academy of Hope is an attempt to build a new paradigm with distinctive features. This process is reviewed, with a critic of<br \/>the theoretical basis and ethic-political foundations. Finally, the relationship that must be established between the critical tourism analysis and the moral<br \/>reflection on its effects is explained.<\/small><\/p>\n<\/details>\n<p><a href=\"https:\/\/doi.org\/10.47557\/EJNR4858\">https:\/\/doi.org\/10.47557\/EJNR4858<\/a><\/p>\n<p>\n\n\n\n<\/p>\n<div class=\"wp-block-file\"><a class=\"wp-block-file__button\" href=\"https:\/\/dimensionesturisticas.amiturismo.org\/wp-content\/uploads\/2020\/11\/2020-DT-V4-N7_Art-1-Etica-y-politica-en-la-investigacion-del-turismo-9-28.pdf\" download=\"\">PDF <\/a><a class=\"wp-block-file__button\" href=\"https:\/\/dimensionesturisticas.amiturismo.org\/en\/etica-y-politica-en-la-investigacion-del-turismo\/\">HTML<\/a><a class=\"wp-block-file__button\" href=\"https:\/\/dimensionesturisticas.amiturismo.org\/en\/portfolio-item\/estadisticas-etica-y-politica-en-la-investigacion-del-turismo\/\">Statistics<\/a><\/div>\n<p>\n\n\n\n<\/p>\n<p class=\"has-small-font-size\"><a href=\"https:\/\/dimensionesturisticas.amiturismo.org\/wp-content\/uploads\/2020\/11\/2020-DT-V4-N7_Art-2-Movilizacion-social-y-turismo-29-62.pdf\">Movilizaci\u00f3n social y turismo: el conflicto por la privatizaci\u00f3n del espacio costero en la ciudad de Mar del Plata, Argentina \/ Social mobilization and tourism: the conflict over the privatization of coastal space in the city of Mar del Plata, Argentina<\/a><br \/>Gonzalo Cruz, <em>Universidad Nacional de Mar del Plata, Argentina<\/em><\/p>\n<details>\n<summary><strong><small>Abstract \/ Resumen<\/small><\/strong><\/summary>\n<p style=\"text-align: justify;\"><small>Se aborda el conflicto de la privatizaci\u00f3n de los sectores playeros en la ciudad de Mar del Plata, Argentina, con enfoque en las\u00a0 organizaciones que buscan advertir sobre sus perjuicios. La tarea se realiza a partir de los aportes te\u00f3ricos de Benford y Snow para el an\u00e1lisis de los marcos de acci\u00f3n colectiva de diagn\u00f3stico, pron\u00f3stico y campos de identidad. Se plantea un trabajo de tipo cualitativo en el que se interpreta el discurso de los activistas en medios de prensa y en sus plataformas de difusi\u00f3n. Tambi\u00e9n se realiza una revisi\u00f3n de la normativa que corresponde a los reclamos. La postura de las organizaciones involucra una consideraci\u00f3n de la playa que va m\u00e1s all\u00e1 de sus posibilidades productivas, se destaca su valor ambiental y cultural. Es posible identificar una conexi\u00f3n entre los argumentos y el marco jur\u00eddico, la existencia de flexibilidad en su aplicaci\u00f3n y la necesidad de encauzar un modelo de desarrollo tur\u00edstico compatible con los requerimientos y valoraciones de la poblaci\u00f3n residente.<\/small><\/p>\n<p><strong><small>Abstract<\/small><\/strong><\/p>\n<p style=\"text-align: justify;\"><small>This paper addresses the conflict over the privatization of the beach sectors in the city of Mar del Plata, Argentina, focusing on the organizations that seek to warn about the problems caused by this. The task is carried out considering the theoretical contributions of Benford and Snow for the analysis of diagnostic, prognostic and motivational collective action frames. A qualitative type of work is proposed in which the discourse of the activists in the press media and their own diffusion platforms is interpreted. A revision of the regulations corresponding to each of the claims is also carried out. The position of the organizations involves a consideration of the beach that goes beyond its productive possibilities, its environmental and cultural value is highlighted. It is possible to identify a correspondence between the arguments and the legal framework, the existence of flexibility in their application and the need to channel a tourism development model compatible with the requirements and values of the resident population.<\/small><\/p>\n<\/details>\n<p><a href=\"https:\/\/doi.org\/10.47557\/QPCW1998\">https:\/\/doi.org\/10.47557\/QPCW1998<\/a><\/p>\n<p>\n\n\n\n<\/p>\n<div class=\"wp-block-file\"><a class=\"wp-block-file__button\" href=\"https:\/\/dimensionesturisticas.amiturismo.org\/wp-content\/uploads\/2020\/11\/2020-DT-V4-N7_Art-2-Movilizacion-social-y-turismo-29-62.pdf\" download=\"\">PDF <\/a><a class=\"wp-block-file__button\" href=\"https:\/\/dimensionesturisticas.amiturismo.org\/en\/movilizacion-social-y-turismo-el-conflicto-por-la-privatizacion-del-espacio-costero-en-la-ciudad-de-mar-del-plata-argentina\/\">HTML<\/a> <a class=\"wp-block-file__button\" href=\"https:\/\/dimensionesturisticas.amiturismo.org\/en\/portfolio-item\/estadisticas-movilizacion-social-y-turismo-el-conflicto-por-la-privatizacion-del-espacio-costero-en-la-ciudad-de-mar-del-plata-argentina\/\">Statistics<\/a><\/div>\n<p>\n\n\n\n<\/p>\n<p class=\"has-small-font-size\"><a href=\"https:\/\/dimensionesturisticas.amiturismo.org\/wp-content\/uploads\/2020\/11\/2020-DT-V4-N7_Art-3-Efectividad-de-la-comunicacion-63-92.pdf\">Efectividad de la comunicaci\u00f3n en las peque\u00f1as y medianas empresas del sector tur\u00edstico en un entorno altamente competitivo \/ Communication effectiveness in small and medium-sized enterprises in the tourism sector in a highly competitive environment<\/a><br \/>Jos\u00e9 Guadalupe Magdaleno Elizondo, <em>Universidad Aut\u00f3noma de Aguascalientes, M\u00e9xico<br \/><\/em>Ismael Manuel Rodr\u00edguez Herrera<em>, Universidad Aut\u00f3noma de Aguascalientes, M\u00e9xico<br \/><\/em>Diana Elizabeth Hern\u00e1ndez-Ochoa<em>, Universidad Aut\u00f3noma de Aguascalientes, M\u00e9xico<\/em><\/p>\n<details>\n<summary><strong><small>Abstract \/ Resumen<\/small><\/strong><\/summary>\n<p style=\"text-align: justify;\"><small>La situaci\u00f3n econ\u00f3mica global vuelve cada vez m\u00e1s dif\u00edcil la tarea de mantener competitivas a las peque\u00f1as y medianas empresas (Pymes). El objetivo de este art\u00edculo es determinar la relaci\u00f3n entre el Tiempo y Entrega de la Informaci\u00f3n (TEI), el Acceso a la Informaci\u00f3n (AI), el Uso de la Informaci\u00f3n (UI) y el Intercambio de la Informaci\u00f3n (II), con respecto de la efectividad de la comunicaci\u00f3n (EC). Se analizan 260 Pymes tur\u00edsticas mediante un modelo de regresi\u00f3n. Los resultados indican que todas las variables son influyentes en la EC, se destaca que el II es la variable con mayor influencia, mientras que el TEI es la menos influyente. Se concluye sobre la importancia de la EC para el desempe\u00f1o de dichas organizaciones.<\/small><\/p>\n<p><strong><small>Abstract<\/small><\/strong><\/p>\n<p style=\"text-align: justify;\"><small>The global economic situation makes it increasingly difficult to keep small and medium-sized enterprises (SMEs) competitive. The objective of this article is to determine the relationship between Time and Delivery of Information (TDI), Access to Information (AI), Use of Information (UI) and Exchange of Information (EI), regarding their Communication Effectiveness (CE). 260 tourist SMEs are analyzed using a regression model. The results indicate that all the variables are influential to CE, it stands out that EI is the variable with the greatest influence on CE, while TDI is the least influential. It concludes on the importance of CE for the performance of these organizations.<\/small><\/p>\n<\/details>\n<p><a href=\"https:\/\/doi.org\/10.47557\/PIMC7952\">https:\/\/doi.org\/10.47557\/PIMC7952<\/a><\/p>\n<p>\n\n\n\n<\/p>\n<div class=\"wp-block-file\"><a class=\"wp-block-file__button\" href=\"https:\/\/dimensionesturisticas.amiturismo.org\/wp-content\/uploads\/2020\/11\/2020-DT-V4-N7_Art-3-Efectividad-de-la-comunicacion-63-92.pdf\" download=\"\">PDF <\/a><a class=\"wp-block-file__button\" href=\"https:\/\/dimensionesturisticas.amiturismo.org\/en\/efectividad-de-la-comunicacion-en-las-pequenas-y-medianas-empresas-del-sector-turistico-en-un-entorno-altamente-competitivo\/\">HTML<\/a> <a class=\"wp-block-file__button\" href=\"https:\/\/dimensionesturisticas.amiturismo.org\/en\/portfolio-item\/estadisticas-efectividad-de-la-comunicacion-en-las-pequenas-y-medianas-empresas-del-sector-turistico-en-un-entorno-altamente-competitivo\/\">Statistics<\/a><\/div>\n<p>\n\n\n\n<\/p>\n<p class=\"has-small-font-size\"><a href=\"https:\/\/dimensionesturisticas.amiturismo.org\/wp-content\/uploads\/2020\/11\/2020-DT-V4-N7_Art-4-Pueblos-magicos-93-124.pdf\">Estado del conocimiento sobre el desarrollo sustentable en Pueblos M\u00e1gicos \/ State of knowledge on sustainable development in Pueblos M\u00e1gicos<\/a> <br \/>Arely Alc\u00e1zar Guzm\u00e1n, <em>Universidad Aut\u00f3noma de Occidente, Sinaloa, M\u00e9xico\u00a0<\/em><br \/>Elizabeth Olmos-Mart\u00ednez,<em> Universidad Aut\u00f3noma de Occidente, Sinaloa, M\u00e9xico<\/em><\/p>\n<details>\n<summary><strong><small>Abstract \/ Resumen<\/small><\/strong><\/summary>\n<p style=\"text-align: justify;\"><small>El gobierno de M\u00e9xico cre\u00f3 el programa de Pueblos M\u00e1gicos (PM), asociado al turismo sustentable. El objetivo de este trabajo es sintetizar y comparar el conocimiento cient\u00edfico sobre dicho desarrollo sustentable en los PM, mediante una b\u00fasqueda en 73 documentos acad\u00e9micos que cumplieron con los criterios de inclusi\u00f3n. Se encontr\u00f3 que gran parte de la literatura del tema en los PM se incluye en la dimensi\u00f3n sociocultural; la mayor\u00eda de los estudios corresponden al centro del pa\u00eds y no todos los PM han sido estudiados bajo la perspectiva del desarrollo sustentable.<\/small><\/p>\n<p><strong><small>Abstract<\/small><\/strong><\/p>\n<p style=\"text-align: justify;\"><small>Mexican government created the program called Magical Towns (Pueblos M\u00e1gicos, PM in Spanish), which is associated to the sustainable tourism. The purpose of this research is to synthesize and compare the scientific knowledge about said sustainable development in the PM, throughout a review of 73 academic documents that accomplished the inclusion criteria. It was found that much of the literature on the theme about the PM is included in the sociocultural dimension; most of the studies correspond to the center of the country, and not all of the PM have been studied from the perspective of sustainable development.<\/small><\/p>\n<\/details>\n<p><a href=\"https:\/\/doi.org\/10.47557\/OFXE8035\">https:\/\/doi.org\/10.47557\/OFXE8035<\/a><\/p>\n<p>\n\n\n\n<\/p>\n<div class=\"wp-block-file\"><a class=\"wp-block-file__button\" href=\"https:\/\/dimensionesturisticas.amiturismo.org\/wp-content\/uploads\/2020\/11\/2020-DT-V4-N7_Art-4-Pueblos-magicos-93-124.pdf\" download=\"\">PDF <\/a><a class=\"wp-block-file__button\" href=\"https:\/\/dimensionesturisticas.amiturismo.org\/en\/estado-del-conocimiento-sobre-el-desarrollo-sustentable-en-pueblos-magicos\/\">HTML<\/a> <a class=\"wp-block-file__button\" href=\"https:\/\/dimensionesturisticas.amiturismo.org\/en\/portfolio-item\/estadisticas-estado-del-conocimiento-sobre-el-desarrollo-sustentable-en-pueblos-magicos\/\">Statistics<\/a><\/div>\n<p>\n\n\n\n<\/p>\n<p class=\"has-small-font-size\"><a href=\"https:\/\/dimensionesturisticas.amiturismo.org\/wp-content\/uploads\/2020\/11\/2020-DT-V4-N7_Art-5-Aprovechamiento-de-los-recursos-naturales-El-Penon-125-150.pdf\">Aprovechamiento de los recursos naturales en la comunidad El Pe\u00f1\u00f3n, Temascaltepec: una ruta ecotur\u00edstica para la diversificaci\u00f3n de la oferta \/ Management of natural resources in the community of El Pe\u00f1\u00f3n, Temascaltepec: an ecotourism route for the diversification of the offer\u00a0<\/a><br \/>Omar Ismael Ram\u00edrez Hern\u00e1ndez, <em>Centro Universitario UAEM Temascaltepec, Universidad Aut\u00f3noma del Estado de M\u00e9xico\u00a0<\/em><br \/>Roc\u00edo Jaramillo Jaramillo, <em>Centro Universitario UAEM Temascaltepec, Universidad Aut\u00f3noma del Estado de M\u00e9xico<\/em><\/p>\n<details>\n<summary><strong><small>Abstract \/ Resumen<\/small><\/strong><\/summary>\n<p style=\"text-align: justify;\"><small>El uso de los recursos naturales ha constituido una nueva forma para los residentes de obtener ingresos; sin embargo, estos deben utilizarse de forma responsable. Por ello, el objetivo de este trabajo es generar una propuesta de ruta ecotur\u00edstica en la comunidad de El Pe\u00f1\u00f3n, Temascaltepec, Estado de M\u00e9xico, con el prop\u00f3sito de diversificar la oferta existente. A partir de un enfoque cualitativo, se desarroll\u00f3 un estudio documental y descriptivo, dividido en dos etapas: la primera, contextualiz\u00f3 el destino e identific\u00f3 la percepci\u00f3n de los residentes hacia proyectos tur\u00edsticos; la segunda, realiz\u00f3 un ejercicio de planificaci\u00f3n. Los resultados destacan que la comunidad percibe de buena manera al turismo y les gustar\u00eda participar en proyectos; asimismo, resaltan tres recursos naturales sobre los que basar la ruta: El Pe\u00f1\u00f3n del Diablo, la cascada y el lago.<\/small><\/p>\n<p><strong><small>Abstract<\/small><\/strong><\/p>\n<p style=\"text-align: justify;\"><small>The use of natural resources has become a new way for residents to obtain incomes; however, these must be used responsibly. Therefore, the objective of this work is to generate a proposal for an ecotourism route in the community of El Pe\u00f1\u00f3n, Temascaltepec, State of Mexico, with the purpose of diversifying the existing offer. Based on a qualitative approach, a documentary and descriptive study was developed, divided into two stages: the first contextualized the destination and identified the residents\u2019 perception towards tourism projects; while the second carried out a planning exercise. The results highlight that the community has a good perception of tourism and would like to participate in projects; they also remark three natural resources on which the route is based: The Devil\u2019s Rock, the waterfall and the lake.<\/small><\/p>\n<\/details>\n<p><a href=\"https:\/\/doi.org\/10.47557\/CTID4910\">https:\/\/doi.org\/10.47557\/CTID4910<\/a><\/p>\n<p>\n\n\n\n<\/p>\n<div class=\"wp-block-file\"><a class=\"wp-block-file__button\" href=\"https:\/\/dimensionesturisticas.amiturismo.org\/wp-content\/uploads\/2020\/11\/2020-DT-V4-N7_Art-5-Aprovechamiento-de-los-recursos-naturales-El-Penon-125-150.pdf\" download=\"\">PDF <\/a><a class=\"wp-block-file__button\" href=\"https:\/\/dimensionesturisticas.amiturismo.org\/en\/aprovechamiento-de-los-recursos-naturales-en-la-comunidad-el-penon-temascaltepec-una-ruta-ecoturistica-para-la-diversificacion-de-la-oferta\/\">HTML<\/a> <a class=\"wp-block-file__button\" href=\"https:\/\/dimensionesturisticas.amiturismo.org\/en\/portfolio-item\/estadisticas-aprovechamiento-de-los-recursos-naturales-en-la-comunidad-el-penon-temascaltepec-una-ruta-ecoturistica-para-la-diversificacion-de-la-oferta\/\">Statistics<\/a><\/div>\n<p>\n\n\n\n<\/p>\n<p class=\"has-small-font-size\"><a href=\"https:\/\/dimensionesturisticas.amiturismo.org\/wp-content\/uploads\/2020\/11\/2020-DT-V4-N7_Art-6-Expectativas-Centennial-151-180.pdf\">Expectativas laborales de los centennials para los negocios tur\u00edsticos de Canc\u00fan. Enfoque basado en la teor\u00eda de las necesidades de McClelland \/ Centennials job expectations for Canc\u00fan tourism businesses. Approach based on McClelland\u2019s theory of needs<\/a> <br \/>Ricardo Sonda de la Rosa, <em>Universidad del Caribe\u00a0<\/em><br \/>Damayanti Estolano Cristerna, <em>Universidad del Caribe<\/em><br \/>Sandra Guerra Mondrag\u00f3n, <em>Universidad del Caribe<\/em><\/p>\n<details>\n<summary><strong><small>Abstract \/ Resumen<\/small><\/strong><\/summary>\n<p style=\"text-align: justify;\"><small>La creciente participaci\u00f3n de trabajadores conocidos como centennials, obliga a los negocios tur\u00edsticos a implementar nuevas estrategias para reclutar y retener a su personal. Este trabajo identifica las expectativas laborales bajo la teor\u00eda de las necesidades de McClelland, desde un enfoque cuantitativo de alcance correlacional, utilizando el an\u00e1lisis factorial de componentes, a trav\u00e9s de la aplicaci\u00f3n de una encuesta a la poblaci\u00f3n estudiantil pr\u00f3xima a egresar, del programa educativo de Turismo Sustentable y Gesti\u00f3n Hotelera de la Universidad del Caribe, ubicada en Canc\u00fan, Quintana Roo, M\u00e9xico. Los hallazgos declarados como motivadores fueron la infraestructura, el balance de vida, el clima laboral y los programas de sustentabilidad caracter\u00edsticos de esta generaci\u00f3n.<\/small><\/p>\n<p><strong><small>Abstract<\/small><\/strong><\/p>\n<p style=\"text-align: justify;\"><small>The growing participation of young workers known as centennials, compels tourism businesses to implement new strategies to recruit and retain their staff. This paper identifies labor expectations under McClelland\u2019s theory of needs, from a quantitative approach of correlational scope using the factorial analysis of components, applied through a survey to the student population about to graduate from the educational program of Sustainable Tourism and Hotel Management at the Universidad del Caribe, located in Canc\u00fan, Quintana Roo, Mexico. The findings declared as motivators are infrastructure, life balance, work environment and sustainability programs hallmarks of this generation.<\/small><\/p>\n<\/details>\n<p><a href=\"https:\/\/doi.org\/10.47557\/KJLU4449\">https:\/\/doi.org\/10.47557\/KJLU4449<\/a><\/p>\n<p>\n\n\n\n<\/p>\n<div class=\"wp-block-file\"><a class=\"wp-block-file__button\" href=\"https:\/\/dimensionesturisticas.amiturismo.org\/wp-content\/uploads\/2020\/11\/2020-DT-V4-N7_Art-6-Expectativas-Centennial-151-180.pdf\" download=\"\">PDF <\/a><a class=\"wp-block-file__button\" href=\"https:\/\/dimensionesturisticas.amiturismo.org\/en\/expectativas-laborales-de-los-centennials-para-los-negocios-turisticos-de-cancun-enfoque-basado-en-la-teoria-de-las-necesidades-de-mcclelland\/\">HTML<\/a> <a class=\"wp-block-file__button\" href=\"https:\/\/dimensionesturisticas.amiturismo.org\/en\/portfolio-item\/estadisticas-expectativas-laborales-de-los-centennials-para-los-negocios-turisticos-de-cancun-enfoque-basado-en-la-teoria-de-las-necesidades-de-mcclelland\/\">Statistics<\/a><\/div>\n<p>\n\n\n\n<\/p>\n<h5>Essay \/ Nota Cr\u00edtica<\/h5>\n<p>\n\n\n\n<\/p>\n<p class=\"has-small-font-size\"><a href=\"https:\/\/dimensionesturisticas.amiturismo.org\/wp-content\/uploads\/2020\/11\/2020-DT-V4-N7_Nota-Critica-181-190.pdf\">Turismo rural: desaf\u00edos de las comunidades rurales en el contexto del COVID-19 \/ Rural tourism: challenges of rural communities in the context of <br \/>COVID-19<\/a><br \/>Jes\u00fas Antonio Madera Pacheco, <em>Universidad Aut\u00f3noma de Nayarit\u00a0<\/em><\/p>\n<details>\n<summary><strong><small>Abstract \/ Resumen<\/small><\/strong><\/summary>\n<p style=\"text-align: justify;\"><small>En este texto se revisa el concepto de turismo rural, partiendo de los supuestos y equ\u00edvocos que en torno a \u00e9l se manejan. Se expresa c\u00f3mo ha sido vendida la idea de un espacio id\u00edlico, casi una panacea en tiempos del COVID-19. Asimismo, se revisa la postura de los actores locales, ante los retos por venir en la b\u00fasqueda por romper los paradigmas.<\/small><\/p>\n<p><strong><small>Abstract<\/small><\/strong><\/p>\n<p style=\"text-align: justify;\"><small>In this text, the concept of rural tourism is reviewed, starting from the assumptions and misunderstandings that are handled around it. It expresses how the idea of an idyllic space has been sold, almost a panacea in times of COVID-19. Likewise, the position of local actors is reviewed, given the challenges to come in the search to break paradigms.<\/small><\/p>\n<\/details>\n<p><a href=\"https:\/\/doi.org\/10.47557\/YISD4269\">https:\/\/doi.org\/10.47557\/YISD4269<\/a><\/p>\n<p>\n\n\n\n<\/p>\n<div class=\"wp-block-file\"><a class=\"wp-block-file__button\" href=\"https:\/\/dimensionesturisticas.amiturismo.org\/wp-content\/uploads\/2020\/11\/2020-DT-V4-N7_Nota-Critica-181-190.pdf\" download=\"\">PDF <\/a><a class=\"wp-block-file__button\" href=\"https:\/\/dimensionesturisticas.amiturismo.org\/en\/turismo-rural-desafios-de-las-comunidades-rurales-en-el-contexto-del-covid-19\/\">HTML<\/a> <a class=\"wp-block-file__button\" href=\"https:\/\/dimensionesturisticas.amiturismo.org\/en\/portfolio-item\/estadisticas-turismo-rural-desafios-de-las-comunidades-rurales-en-el-contexto-del-covid-19\/\">Statistics<\/a><\/div>\n<p>\n\n\n\n<\/p>\n<h5>Book review \/ Rese\u00f1a bibliogr\u00e1fica<\/h5>\n<p>\n\n\n\n<\/p>\n<p class=\"has-small-font-size\"><a href=\"https:\/\/dimensionesturisticas.amiturismo.org\/wp-content\/uploads\/2020\/11\/2020-DT-V4-N7_Resena-1-Libro-G.-Inostroza-191-194.pdf\">Casos de planeaci\u00f3n y gesti\u00f3n tur\u00edstica. Comportamientos, problemas y avances.<\/a><br \/>Gabriel Inostroza, <em>Universidad Austral de Chile, Campus Patagonia<\/em><\/p>\n<p><a href=\"https:\/\/doi.org\/10.47557\/XWFW7352\">https:\/\/doi.org\/10.47557\/XWFW7352<\/a><\/p>\n<p>\n\n\n\n<\/p>\n<div class=\"wp-block-file\"><a class=\"wp-block-file__button\" href=\"https:\/\/dimensionesturisticas.amiturismo.org\/wp-content\/uploads\/2020\/11\/2020-DT-V4-N7_Resena-1-Libro-G.-Inostroza-191-194.pdf\" download=\"\">PDF <\/a><a class=\"wp-block-file__button\" href=\"https:\/\/dimensionesturisticas.amiturismo.org\/en\/casos-de-planeacion-y-gestion-turistica-comportamientos-problemas-y-avances\/\">HTML<\/a> <a class=\"wp-block-file__button\" href=\"https:\/\/dimensionesturisticas.amiturismo.org\/en\/portfolio-item\/estadisticas-casos-de-planeacion-y-gestion-turistica-comportamientos-problemas-y-avances\/\">Statistics<\/a><\/div>\n<p>\n\n\n\n<\/p>\n<p class=\"has-small-font-size\"><a href=\"https:\/\/dimensionesturisticas.amiturismo.org\/wp-content\/uploads\/2020\/11\/2020-DT-V4-N7_Resena-2-libro-de-Lopez-y-Palomino-2019-195-198.pdf\">Turismo de naturaleza en comunidades ind\u00edgenas en M\u00e9xico<\/a><br \/>V\u00edctor Manuel L\u00f3pez Guevara, <em>El Colegio de Tlaxcala<\/em><\/p>\n<p><a href=\"https:\/\/doi.org\/10.47557\/KQKX2780\">https:\/\/doi.org\/10.47557\/KQKX2780<\/a><\/p>\n<p>\n\n\n\n<\/p>\n<div class=\"wp-block-file\"><a class=\"wp-block-file__button\" href=\"https:\/\/dimensionesturisticas.amiturismo.org\/wp-content\/uploads\/2020\/11\/2020-DT-V4-N7_Resena-2-libro-de-Lopez-y-Palomino-2019-195-198.pdf\" download=\"\">PDF <\/a><a class=\"wp-block-file__button\" href=\"https:\/\/dimensionesturisticas.amiturismo.org\/en\/turismo-de-naturaleza-en-comunidades-indigenas-en-mexico\/\">HTML<\/a> <a class=\"wp-block-file__button\" href=\"https:\/\/dimensionesturisticas.amiturismo.org\/en\/portfolio-item\/estadisticas-turismo-de-naturaleza-en-comunidades-indigenas-en-mexico\/\">Statistics<\/a><\/div>","protected":false},"excerpt":{"rendered":"<p>P\u00e1gina Legal P\u00e1gina legal Presentaci\u00f3n \/ PresentationNora Leticia Bringas R\u00e1bago,\u00a0 Directora de Dimensiones Tur\u00edsticas Art\u00edculos \/ Articles \u00c9tica y pol\u00edtica en la investigaci\u00f3n del turismo \/<span class=\"excerpt-hellip\"> [\u2026]<\/span><\/p>","protected":false},"author":1,"featured_media":0,"parent":0,"menu_order":0,"comment_status":"closed","ping_status":"closed","template":"","meta":[],"acf":[],"_links":{"self":[{"href":"https:\/\/dimensionesturisticas.amiturismo.org\/en\/wp-json\/wp\/v2\/pages\/736"}],"collection":[{"href":"https:\/\/dimensionesturisticas.amiturismo.org\/en\/wp-json\/wp\/v2\/pages"}],"about":[{"href":"https:\/\/dimensionesturisticas.amiturismo.org\/en\/wp-json\/wp\/v2\/types\/page"}],"author":[{"embeddable":true,"href":"https:\/\/dimensionesturisticas.amiturismo.org\/en\/wp-json\/wp\/v2\/users\/1"}],"replies":[{"embeddable":true,"href":"https:\/\/dimensionesturisticas.amiturismo.org\/en\/wp-json\/wp\/v2\/comments?post=736"}],"version-history":[{"count":8,"href":"https:\/\/dimensionesturisticas.amiturismo.org\/en\/wp-json\/wp\/v2\/pages\/736\/revisions"}],"predecessor-version":[{"id":859,"href":"https:\/\/dimensionesturisticas.amiturismo.org\/en\/wp-json\/wp\/v2\/pages\/736\/revisions\/859"}],"wp:attachment":[{"href":"https:\/\/dimensionesturisticas.amiturismo.org\/en\/wp-json\/wp\/v2\/media?parent=736"}],"curies":[{"name":"wp","href":"https:\/\/api.w.org\/{rel}","templated":true}]}}