{"id":69,"date":"2020-03-08T07:16:16","date_gmt":"2020-03-08T07:16:16","guid":{"rendered":"https:\/\/dimensionesturisticas.amiturismo.org\/?page_id=69"},"modified":"2021-11-30T21:55:06","modified_gmt":"2021-11-30T21:55:06","slug":"vol-3-num-5-julio-diciembre-2019","status":"publish","type":"page","link":"https:\/\/dimensionesturisticas.amiturismo.org\/en\/vol-3-num-5-julio-diciembre-2019","title":{"rendered":"Vol. 3 Num 5 July-December 2019"},"content":{"rendered":"<h5>Legal Page<\/h5>\n\n\n\n<p><a href=\"https:\/\/dimensionesturisticas.amiturismo.org\/wp-content\/uploads\/2020\/03\/2019-DT-V3N5-01-Legal.pdf\" target=\"_blank\" rel=\"noreferrer noopener\" aria-label=\" (se abre en una nueva pesta\u00f1a)\">Legal Page<\/a><\/p>\n\n\n\n<div class=\"wp-block-file\"><a href=\"https:\/\/dimensionesturisticas.amiturismo.org\/wp-content\/uploads\/2020\/03\/2019-DT-V3N5-01-Legal.pdf\" class=\"wp-block-file__button\" download>PDF<\/a><\/div>\n\n\n\n<p><a href=\"https:\/\/dimensionesturisticas.amiturismo.org\/wp-content\/uploads\/2020\/03\/2019-DT-V3N5-02_07-09-Presentaci\u00f3n.pdf\">Presentation \/ Presentaci\u00f3n<\/a><br> Maxime Kieffer,&nbsp;<em>Editor invitado<\/em> <\/p>\n\n\n\n<div class=\"wp-block-file\"><a href=\"https:\/\/dimensionesturisticas.amiturismo.org\/wp-content\/uploads\/2020\/03\/2019-DT-V3N5-02_07-09-Presentaci\u00f3n.pdf\" class=\"wp-block-file__button\" download>PDF<\/a><\/div>\n\n\n\n<h5>Articles \/ Art\u00edculos <\/h5>\n\n\n\n<p class=\"has-small-font-size\"><a href=\"https:\/\/dimensionesturisticas.amiturismo.org\/wp-content\/uploads\/2020\/03\/2019-DT-V3N5-03_10-24-Chavez-Andrade-y-Ramos.pdf\">Conceptos, enfoques y propuestas sobre el turismo alternativo en bases de datos multidisciplinarias \/ Concepts, approaches and proposals on alternative tourism in multidisciplinary databases<\/a><br>Rosa Mar\u00eda Ch\u00e1vez Dagostino, <em>Centro Universitario de la Costa Universidad de Guadalajara<\/em><br>Edmundo Andrade Romo, <em>Centro Universitario de la Costa Universidad de Guadalajara<\/em><br>Thania Vanessa Ramos Z\u00faniga, <em>Centro Universitario de la Costa Universidad de Guadalajara<\/em><\/p>\n\n\n\n<details>\n<summary><strong><small>Abstract \/ Resumen<\/small><\/strong><\/summary>\n<p style=\"text-align: justify;\"><small>El turismo alternativo como concepto es opuesto al turismo convencional, y ha variado en el tiempo. El objetivo de este estudio fue determinar las caracter\u00edsticas de la investigaci\u00f3n en el tema a trav\u00e9s de una revisi\u00f3n en Web of Science, con las palabras \u201cturismo alternativo\u201d. Se analiz\u00f3 el contenido de 87 documentos con las herramientas de la plataforma. El 40% fueron publicados en los \u00faltimos tres a\u00f1os y conservan el ideal de sistemas tur\u00edsticos m\u00e1s justos centrados en la comunidad. Los problemas limitantes son escasa participaci\u00f3n de gobiernos y coordinaci\u00f3n interinstitucional, organizaci\u00f3n comunitaria, cultura empresarial, y afluencia. El enfoque principal es el rechazo del sistema dominante del turismo.<\/small><\/p>\n<p><strong><small>Abstract<\/small><\/strong><\/p>\n<p style=\"text-align: justify;\"><small>The terms Alternative tourism and conventional tourism have been opposites and have evolved over time. The objective was to determine the research characteris- tics on this topic by searching with the term \u201calternative tourism\u201d within the Web of Science. The content of 87 documents was analyzed with the tools provided by the platform. Of the 87 documents analyzed with the tools provided by this platform, 40% were published within the last three years, and it was found that they retained the ideal of fair trade applied to tourism systems focused on the community. The limiting problems are low governmental participation and interinstitutional coordination, community organization, business culture, affluence. The main approach is the rejection from the dominant tourism system. <\/small><\/p>\n<\/details>\n<p><a href=\"https:\/\/doi.org\/10.47557\/FFOP1217\">https:\/\/doi.org\/10.47557\/FFOP1217<\/a><\/p>\n\n\n\n<div class=\"wp-block-file\"><a href=\"https:\/\/dimensionesturisticas.amiturismo.org\/wp-content\/uploads\/2020\/03\/2019-DT-V3N5-03_10-24-Chavez-Andrade-y-Ramos.pdf\" class=\"wp-block-file__button\" download>PDF<\/a><\/div>\n\n\n\n<p class=\"has-small-font-size\"><a href=\"https:\/\/dimensionesturisticas.amiturismo.org\/wp-content\/uploads\/2020\/03\/2019-DT-V3N5-04_25-42-Palomino_L\u00f3pez.pdf\">Traves\u00eda del financiamiento de la Comisi\u00f3n Nacional para el Desarrollo de Pueblos y Comunidades ind\u00edgenas a empresas de turismo de naturaleza en M\u00e9xico \/ Journey of funds from the National Commission for the Development of Ind Comm to nature tourism companies in Mexico<\/a><br>Bertha Palomino Villavicencio, <em>Instituto Polit\u00e9cnico Nacional. ESCA Tepepan<\/em><br>Gustavo L\u00f3pez Pardo, <em>Universidad Nacional Aut\u00f3noma de M\u00e9xico<\/em><\/p>\n\n\n\n<details>\n<summary><strong><small>Abstract \/ Resumen<\/small><\/strong><\/summary>\n<p style=\"text-align: justify;\"><small>El turismo de naturaleza (tn) en M\u00e9xico, al igual que en el resto del mundo, ha reportado en los \u00faltimos veinte a\u00f1os un incremento vertiginoso. Las instituciones mexicanas responsables de la pol\u00edtica ambiental, de turismo y de desarrollo han sido protagonistas de este proceso, al haber incorporado al turismo de naturaleza en sus programas. En este trabajo, retomamos estudios realizados durante poco m\u00e1s de dos d\u00e9cadas a fin de conformar un panorama general de la pol\u00edtica p\u00fablica de impulso al tn en el pa\u00eds, en particular de la Comisi\u00f3n Nacional para el Desarrollo de los Pueblos y Comunidades ind\u00edgena (cdi), como la agencia gubernamental de mayor protagonismo en este campo de acci\u00f3n, al canalizar miles de millones de pesos a esta actividad. Nuestra investigaci\u00f3n tiene como objetivo analizar la intervenci\u00f3n de esta dependencia a partir de cuatro momentos identificados en el desarrollo de su quehacer: sus objetivos, estrategias, reglas de operaci\u00f3n, y resultados en cuanto a su financiamiento y distribuci\u00f3n geogr\u00e1fica de los beneficios, lo que permitir\u00e1 conocer a una escala general la actuaci\u00f3n de la cdi en todo el periodo de su existencia, lo que servir\u00e1 de base para el an\u00e1lisis de territorios concretos en los que se puedan identificar impactos, logros y tareas pendientes en las pretensiones de la pol\u00edtica instrumentada.<\/small><\/p>\n<p><strong><small>Abstract<\/small><\/strong><\/p>\n<p style=\"text-align: justify;\"><small>Nature Tourism has reported a rapid increase in the last twenty years in Mexico as in the rest of the world. The institutions dealing with environmental policy, development, and tourism have become the main actors in this process ever since they incorporated nature tourism in their programs.This work recovers the studies conducted in the last two decades to present a general overview of public policy that has boosted nature tourism in Mexico. The Comision Nacional para el Desarrollo de los Pueblos y Comunidades Indigenas (CDI) has been one of the most important governmental agencies participating in this field by channeling billions of pesos to this activity. Our research analyzes the participation of this agency from four identified moments within its activities \u2013objectives, strategies, operation rules, and results in terms of its financing and geographical distribution of benefits. This will enable a concrete territorial analysis where we can identify the impact, achievements, and pending tasks in the implemented policy and its expectations.<\/small><\/p>\n<\/details>\n<p><a href=\"https:\/\/doi.org\/10.47557\/TFYC5073\">https:\/\/doi.org\/10.47557\/TFYC5073<\/a><\/p>\n\n\n\n<div class=\"wp-block-file\"><a href=\"https:\/\/dimensionesturisticas.amiturismo.org\/wp-content\/uploads\/2020\/03\/2019-DT-V3N5-04_25-42-Palomino_L\u00f3pez.pdf\" class=\"wp-block-file__button\" download>PDF<\/a><\/div>\n\n\n\n<p class=\"has-small-font-size\"><a href=\"https:\/\/dimensionesturisticas.amiturismo.org\/wp-content\/uploads\/2020\/03\/2019-DT-V3N5-05_43-63-Kieffer.pdf\">Turismo rural comunitario en M\u00e9xico: apuntes para futuras investigaciones \/ Community based rural tourism in Mexico: notes for future research<\/a><br>Maxime Kieffer, <em>Escuela Nacional de Estudios Superiores, Morelia, Universidad Nacional Aut\u00f3noma de M\u00e9xico<\/em><\/p>\n\n\n\n<details>\n<summary><strong><small>Abstract \/ Resumen<\/small><\/strong><\/summary>\n<p style=\"text-align: justify;\"><small>El objetivo del ensayo fue analizar la relaci\u00f3n entre el turismo rural comunitario (trc) y el desarrollo comunitario en M\u00e9xico, sus retos y alcances, para entender mejor el fen\u00f3meno y sus implicaciones para las comunidades rurales a nivel social, cultural, econ\u00f3mico y ambiental. La reflexi\u00f3n, enriquecida por alrededor de doce a\u00f1os de trabajo de campo sobre el tema, investigaciones formales, pl\u00e1ticas y debates en espacios acad\u00e9micos y con actores locales, sistematiz\u00f3 los puntos de encuentro de las reflexiones actuales y evidenci\u00f3 algunos temas pendientes de investigaci\u00f3n sobre el turismo rural comunitario.<\/small><\/p>\n<p><strong><small>Abstract<\/small><\/strong><\/p>\n<p style=\"text-align: justify;\"><small>This paper presents an interdisciplinary reflection on the relationship between Community-based Rural Tourism (cbrt) and community development in Mexico, highlighting its successes and main issues, a better understand this issue and its implications for rural communities on the social, cultural, economic, and environmental levels. This reflection has been enriched by approximately twelve years of field work, formal research, discussions and debates in academic spaces with local stakeholders. It has also systematized the agreement points on current issues as well as exposing some pending research tasks about cbrt.<\/small><\/p>\n<\/details>\n<p><a href=\"https:\/\/doi.org\/10.47557\/XSNY8857\">https:\/\/doi.org\/10.47557\/XSNY8857<\/a><\/p>\n\n\n\n<div class=\"wp-block-file\"><a href=\"https:\/\/dimensionesturisticas.amiturismo.org\/wp-content\/uploads\/2020\/03\/2019-DT-V3N5-05_43-63-Kieffer.pdf\" class=\"wp-block-file__button\" download>PDF<\/a><\/div>\n\n\n\n<p class=\"has-small-font-size\"><a href=\"https:\/\/dimensionesturisticas.amiturismo.org\/wp-content\/uploads\/2020\/03\/2019-DT-V3N5-06_64-78-Samuel-Jouault.pdf\">Aproximaci\u00f3n regional del turismo alternativo: del caso de estudio a la modelizaci\u00f3n \/ Regional approach of alternative tourism: from case study to modeling<\/a><br>Samuel Jouault, <em>Facultad de Ciencias Antropol\u00f3gicas Universidad Aut\u00f3noma de Yucat\u00e1n Centro de Estudios Mexicanos y Centroamericanos<\/em><\/p>\n\n\n\n<details>\n<summary><strong><small>Abstract \/ Resumen<\/small><\/strong><\/summary>\n<p style=\"text-align: justify;\"><small>La regi\u00f3n, noci\u00f3n esencial de la geograf\u00eda, pero tambi\u00e9n polis\u00e9mica e imprecisa, califica cualquier espacio delimitado y por consecuencia espacialmente ubicado, con significaci\u00f3n objetiva y colectiva. As\u00ed, la geograf\u00eda regional estudia las regiones; es decir, espacios que presentan alguna homogeneidad constitutiva, tal como la actividad tur\u00edstica. Es el caso de la regi\u00f3n del traspa\u00eds de Canc\u00fan-Riviera Maya, la cual conoce desde hace quince a\u00f1os una gran efervescencia tur\u00edstica. En numerosos pueblos mayas de esta regi\u00f3n las sociedades locales han apostado al turismo como actividad econ\u00f3mica complementaria o principal. A trav\u00e9s de los juegos de escalas, se abordar\u00e1 la importancia de la regionalizaci\u00f3n, no \u00fanicamente en el estudio y comprensi\u00f3n del turismo alternativo, sino a trav\u00e9s de la modelizaci\u00f3n basada en el papel que los actores juegan en la turistificaci\u00f3n de los espacios rurales de una regi\u00f3n determinada.<\/small><\/p>\n<p><strong><small>Abstract<\/small><\/strong><\/p>\n<p style=\"text-align: justify;\"><small>The region, as an essential notion of Geography, is a polysemic and imprecise term that qualifies any defined space which is spatially located and possesses an objective and collective significance. Regional geography studies the regions, the spaces which present a constitutive homogeneity as in this case the tourism activity. In the case of the country\u2019s Cancun-Riviera Maya hinterland region, this area has hosted for more than fifteen years an intense effervescence of the tourism activity, and in many Maya towns of this region, local societies have ventured in tourism as their main or complementary economic activity. The importance of regionalization will be addressed through scale analysis, not only in the study and understanding of alternative tourism, but also through modeling based on the roles stakeholders play in the \u201cturistification\u201d of the rural spaces in a specific region.<\/small><\/p>\n<\/details>\n<p><a href=\"https:\/\/doi.org\/10.47557\/MHDC7506\">https:\/\/doi.org\/10.47557\/MHDC7506<\/a><\/p>\n\n\n\n<div class=\"wp-block-file\"><a href=\"https:\/\/dimensionesturisticas.amiturismo.org\/wp-content\/uploads\/2020\/03\/2019-DT-V3N5-06_64-78-Samuel-Jouault.pdf\" class=\"wp-block-file__button\" download>PDF<\/a><\/div>\n\n\n\n<p class=\"has-small-font-size\"><a href=\"https:\/\/dimensionesturisticas.amiturismo.org\/wp-content\/uploads\/2020\/03\/2019-DT-V3N5-07_79-95-Lemas-y-Garc\u00eda.pdf\">Econom\u00eda social y turismo alternativo: el caso de la Pen\u00ednsula de Yucat\u00e1n \/ Social economy and alternative tourism in case of the Yucatan Peninsula<\/a><br>Manuel Francisco Lemas Valencia, <em>Centro de Investigaci\u00f3n y de Estudios Avanzados del Instituto Polit\u00e9cnico Nacional (Cinvestav Unidad M\u00e9rida)<\/em><br>Ana Garc\u00eda de Fuentes, <em>Centro de Investigaci\u00f3n y de Estudios Avanzados del Instituto Polit\u00e9cnico Nacional (Cinvestav Unidad M\u00e9rida)<\/em><\/p>\n\n\n\n<details>\n<summary><strong><small>Abstract \/ Resumen<\/small><\/strong><\/summary>\n<p style=\"text-align: justify;\"><small>A finales del siglo xx, se produce una expansi\u00f3n de empresas sociales dedicadas a la oferta de servicios tur\u00edsticos en la Pen\u00ednsula de Yucat\u00e1n. Una de las formas de organizaci\u00f3n de este tipo de empresas de turismo alternativo es la cooperativa, bajo la que operan la mayor\u00eda de las empresas tur\u00edsticas en el medio rural peninsular. Su organizaci\u00f3n ha estado fuertemente vinculada a las directrices de agentes externos y del Estado, con el objetivo de mejorar las condiciones de vida de las poblaciones campesinas. A partir de casos concretos se reflexiona en torno al concepto de econom\u00eda social, desarrollado por autores latinoamericanos y poco utilizado en el estudio de las cooperativas tur\u00edsticas en M\u00e9xico, ya que lo consideramos una herramienta de an\u00e1lisis que brinda elementos para la interpretaci\u00f3n cr\u00edtica de este tipo de organizaciones.<\/small><\/p>\n<p><strong><small>Abstract<\/small><\/strong><\/p>\n<p style=\"text-align: justify;\"><small>At the end of the twentieth century, in the Yucatan Peninsula, there was an expansion of social enterprises that provided tourism services. Most alternative tourism companies opted for Cooperatives as the form of organization, and they have operated since then mostly in the rural territory of the peninsula. Their organization has been linked to the guidelines of the State and external agents, so that the living conditions of farmers may be improved. By studying some concrete cases, we have discussed the concept of social economy developed by Latin American authors and seldom used in the study of tourism co-operatives in Mexico. This concept has been considered as a tool of analysis because it provides elements for the critical interpretation of these organizations.<\/small><\/p>\n<\/details>\n<p><a href=\"https:\/\/doi.org\/10.47557\/IKVX1907\">https:\/\/doi.org\/10.47557\/IKVX1907<\/a><\/p>\n\n\n\n<div class=\"wp-block-file\"><a href=\"https:\/\/dimensionesturisticas.amiturismo.org\/wp-content\/uploads\/2020\/03\/2019-DT-V3N5-07_79-95-Lemas-y-Garc\u00eda.pdf\" class=\"wp-block-file__button\" download>PDF<\/a><\/div>\n\n\n\n<h5>Essay \/ Nota Cr\u00edtica <\/h5>\n\n\n\n<p class=\"has-small-font-size\"><a href=\"https:\/\/dimensionesturisticas.amiturismo.org\/wp-content\/uploads\/2020\/03\/2019-DT-V3N5-08_96-105-Nota-Cri\u0301tica.pdf\">Los mercados del turismo comunitario en Am\u00e9rica Latina Perspectivas para una agenda de investigaci\u00f3n \/ Community-based tourism markets in Latin America Perspectives for a research agenda<\/a><br>Ernest Ca\u00f1ada, <em>Centro de Investigaci\u00f3n Alba Sud Escuela Universitaria de Turismo y Hoteler\u00eda Universidad de Barcelona<\/em><\/p>\n\n\n\n<details>\n<summary><strong><small>Abstract \/ Resumen<\/small><\/strong><\/summary>\n<p style=\"text-align: justify;\"><small>Este art\u00edculo tiene como objetivo identificar los t\u00e9rminos de debate, reflejados en la literatura acad\u00e9mica, en torno a los distintos tipos de mercado a los cuales acceden las iniciativas de turismo comunitario y qu\u00e9 implicaciones pueden derivarse de diferentes estrategias comerciales. Con una presentaci\u00f3n concisa de la problem\u00e1tica, y de los retos que est\u00e1n en juego, se pretende abrir la discusi\u00f3n y proponer una agenda de investigaci\u00f3n que ayude a escalar el an\u00e1lisis en t\u00e9rminos m\u00e1s significativos para el propio sector comunitario.<\/small><\/p>\n<p><strong><small>Abstract<\/small><\/strong><\/p>\n<p style=\"text-align: justify;\"><small>This article aims to identify the terms of debate reflected in academic literature, around the different types of market to which community tourism initiatives have access. It is also focused on the implications that can derive from different commercial strategies. With a concise presentation of this problem and its challenges, the aim is to start the discussion and propose a research agenda that will help improve up the analysis in terms that are more significant for the community sector itself.<\/small><\/p>\n<\/details>\n<p><a href=\"https:\/\/doi.org\/10.47557\/KNYB9816\">https:\/\/doi.org\/10.47557\/KNYB9816<\/a><\/p>\n\n\n\n<div class=\"wp-block-file\"><a href=\"https:\/\/dimensionesturisticas.amiturismo.org\/wp-content\/uploads\/2020\/03\/2019-DT-V3N5-08_96-105-Nota-Cri\u0301tica.pdf\" class=\"wp-block-file__button\" download>PDF<\/a><\/div>\n\n\n\n<h5>Book review \/ Rese\u00f1a bibliogr\u00e1fica <\/h5>\n\n\n\n<p class=\"has-small-font-size\"><a href=\"https:\/\/dimensionesturisticas.amiturismo.org\/wp-content\/uploads\/2020\/03\/2019-DT-V3N5-09_106-109-Rese\u00f1a.pdf\">La interpretaci\u00f3n del patrimonio en pueblos m\u00e1gicos: trascendencia, claves, alcances y l\u00edneas prioritarias de acci\u00f3n<\/a><br>Mayra Antonieta Sandoval Quintero, <em>Universidad de Alcal\u00e1 de Henares<\/em><br>Fernando Arellano Soriano, <em>Universidad Intercultural del Estado de Puebla<\/em><\/p>\n\n\n\n<p><a href=\"https:\/\/doi.org\/10.47557\/MAIS5144\">https:\/\/doi.org\/10.47557\/MAIS5144<\/a><\/p>\n\n\n\n<div class=\"wp-block-file\"><a href=\"https:\/\/dimensionesturisticas.amiturismo.org\/wp-content\/uploads\/2020\/03\/2019-DT-V3N5-09_106-109-Rese\u00f1a.pdf\" class=\"wp-block-file__button\" download>PDF<\/a><\/div>\n\n\n\n<p class=\"has-small-font-size\"><a href=\"https:\/\/dimensionesturisticas.amiturismo.org\/wp-content\/uploads\/2020\/03\/2019-DT-V3N5-10_110-112-Rese\u00f1a.pdf\">Biodiversidad, patrimonio y cocina. Procesos bioculturales sobre alimentaci\u00f3n-nutrici\u00f3n<\/a><br>Ariadna Campos Quezada, <em>Universidad An\u00e1huac, M\u00e9xico Norte<\/em><\/p>\n\n\n\n<p><a href=\"https:\/\/doi.org\/10.47557\/ZJBI6150\">https:\/\/doi.org\/10.47557\/ZJBI6150<\/a><\/p>\n\n\n\n<div class=\"wp-block-file\"><a href=\"https:\/\/dimensionesturisticas.amiturismo.org\/wp-content\/uploads\/2020\/03\/2019-DT-V3N5-10_110-112-Rese\u00f1a.pdf\" class=\"wp-block-file__button\" download>PDF<\/a><\/div>","protected":false},"excerpt":{"rendered":"<p>P\u00e1gina Legal P\u00e1gina legal Presentaci\u00f3n \/ Presentation Maxime Kieffer,&nbsp;Editor invitado Art\u00edculos \/ Articles Conceptos, enfoques y propuestas sobre el turismo alternativo en bases de datos multidisciplinarias<span class=\"excerpt-hellip\"> [\u2026]<\/span><\/p>","protected":false},"author":1,"featured_media":0,"parent":0,"menu_order":0,"comment_status":"closed","ping_status":"closed","template":"","meta":[],"acf":[],"_links":{"self":[{"href":"https:\/\/dimensionesturisticas.amiturismo.org\/en\/wp-json\/wp\/v2\/pages\/69"}],"collection":[{"href":"https:\/\/dimensionesturisticas.amiturismo.org\/en\/wp-json\/wp\/v2\/pages"}],"about":[{"href":"https:\/\/dimensionesturisticas.amiturismo.org\/en\/wp-json\/wp\/v2\/types\/page"}],"author":[{"embeddable":true,"href":"https:\/\/dimensionesturisticas.amiturismo.org\/en\/wp-json\/wp\/v2\/users\/1"}],"replies":[{"embeddable":true,"href":"https:\/\/dimensionesturisticas.amiturismo.org\/en\/wp-json\/wp\/v2\/comments?post=69"}],"version-history":[{"count":7,"href":"https:\/\/dimensionesturisticas.amiturismo.org\/en\/wp-json\/wp\/v2\/pages\/69\/revisions"}],"predecessor-version":[{"id":452,"href":"https:\/\/dimensionesturisticas.amiturismo.org\/en\/wp-json\/wp\/v2\/pages\/69\/revisions\/452"}],"wp:attachment":[{"href":"https:\/\/dimensionesturisticas.amiturismo.org\/en\/wp-json\/wp\/v2\/media?parent=69"}],"curies":[{"name":"wp","href":"https:\/\/api.w.org\/{rel}","templated":true}]}}