{"id":457,"date":"2020-09-27T07:39:06","date_gmt":"2020-09-27T07:39:06","guid":{"rendered":"https:\/\/dimensionesturisticas.amiturismo.org\/?page_id=457"},"modified":"2021-11-30T21:50:31","modified_gmt":"2021-11-30T21:50:31","slug":"vol-4-numero-especial-septiembre-2020","status":"publish","type":"page","link":"https:\/\/dimensionesturisticas.amiturismo.org\/en\/vol-4-numero-especial-septiembre-2020","title":{"rendered":"Vol. 4 Special Number. September 2020"},"content":{"rendered":"<h5>Legal Page<\/h5>\n\n\n\n<p><a href=\"https:\/\/dimensionesturisticas.amiturismo.org\/wp-content\/uploads\/2020\/09\/2020-DT-V4-NE_01-Legal.pdf\" target=\"_blank\" rel=\"noreferrer noopener\">Legal Page<\/a><\/p>\n\n\n\n<div class=\"wp-block-file\"><a href=\"https:\/\/dimensionesturisticas.amiturismo.org\/wp-content\/uploads\/2020\/09\/2020-DT-V4-NE_01-Legal.pdf\" class=\"wp-block-file__button\" download>PDF<\/a><\/div>\n\n\n\n<p><a href=\"https:\/\/dimensionesturisticas.amiturismo.org\/wp-content\/uploads\/2020\/09\/2020-DT-V4-NE_02-Presentacion.pdf\">Presentation \/ Presentaci\u00f3n<\/a><br> Nora L. Bringas R\u00e1bago y Carlos Amaya Molina,&nbsp;<em>Coordinators of the number<\/em> <\/p>\n\n\n\n<div class=\"wp-block-file\"><a href=\"https:\/\/dimensionesturisticas.amiturismo.org\/wp-content\/uploads\/2020\/09\/2020-DT-V4-NE_02-Presentacion.pdf\" class=\"wp-block-file__button\" download>PDF<\/a><\/div>\n\n\n\n<h5>Articles \/ Art\u00edculos <\/h5>\n\n\n\n<p class=\"has-small-font-size\"><a href=\"https:\/\/dimensionesturisticas.amiturismo.org\/wp-content\/uploads\/2020\/03\/2019-DT-V3N5-03_10-24-Chavez-Andrade-y-Ramos.pdf\">A typology of tourist destinations in Mexico according to the occurrence of COVID-19 \/ Tipolog\u00eda de territorios tur\u00edsticos en M\u00e9xico seg\u00fan incidencia de COVID-19<\/a><br>\u00c1lvaro S\u00e1nchez Crisp\u00edn, <em>Universidad Nacional Aut\u00f3noma de M\u00e9xico<\/em><br>Enrique Propin Frejomil, <em>Universidad Nacional Aut\u00f3noma de M\u00e9xico<\/em><br>Jos\u00e9 Mar\u00eda Casado Izquierdo, <em>Universidad Nacional Aut\u00f3noma de M\u00e9xico<\/em><\/p>\n\n\n\n<details>\n<summary><strong><small>Abstract \/ Resumen<\/small><\/strong><\/summary>\n<p style=\"text-align: justify;\"><small>Este trabajo propone una tipolog\u00eda de territorios tur\u00edsticos con relaci\u00f3n a la incidencia de COVID-19, la disponibilidad de infraestructura f\u00edsica para enfrentar la pandemia y la disminuci\u00f3n del empleo en el sector tur\u00edstico en M\u00e9xico, a escala municipal, en el per\u00edodo marzo-junio de 2020. Los hallazgos principales de la investigaci\u00f3n, revelados mediante coordenadas cartesianas y representados en forma cartogr\u00e1fica, muestran 16 combinaciones tipol\u00f3gicas territoriales que comprenden desde las que se asocian con condiciones de mayor incidencia, hasta las que gozan de una situaci\u00f3n sanitaria comparativamente mejor. <\/small><\/p>\n<p><strong><small>Abstract<\/small><\/strong><\/p>\n<p style=\"text-align: justify;\"><small>This work proposes a typology of tourist destinations in Mexico, based on the occurrence of COVID-19 at a municipal level, in the period comprising from March to June 2020. To achieve this, statistics on the number of cases, number of deaths, availability of health facilities and loss of jobs in the tourist sector were weighed up. The main results of the research, revealed through cartesian coordinates and represented in cartographic form, determined sixteen types of territorial combinations, comprising from those associated with conditions of higher incidence to the relatively safe sanitary circumstances of certain places. <\/small><\/p>\n<\/details>\n<p><a href=\"https:\/\/doi.org\/10.47557\/ZXVV5344\">https:\/\/doi.org\/10.47557\/ZXVV5344<\/a><\/p>\n\n\n\n<div class=\"wp-block-file\"><a href=\"https:\/\/dimensionesturisticas.amiturismo.org\/wp-content\/uploads\/2020\/03\/2019-DT-V3N5-03_10-24-Chavez-Andrade-y-Ramos.pdf\" class=\"wp-block-file__button\" download>PDF<\/a><\/div>\n\n\n\n<p class=\"has-small-font-size\"><a href=\"https:\/\/dimensionesturisticas.amiturismo.org\/wp-content\/uploads\/2020\/03\/2019-DT-V3N5-04_25-42-Palomino_L\u00f3pez.pdf\">Evolution and implications of the COVID-19 pandemic in main tourism municipalities of Mexico \/ Evoluci\u00f3n de la pandemia de COVID-19 en los principales municipios tur\u00edsticos de M\u00e9xico<\/a><br>Alfonso Gonz\u00e1lez Dami\u00e1n, <em>Universidad de Quintana Roo, M\u00e9xico<\/em><\/p>\n\n\n\n<details>\n<summary><strong><small>Abstract \/ Resumen<\/small><\/strong><\/summary>\n<p style=\"text-align: justify;\"><small>Con el objetivo de explorar las relaciones entre las caracter\u00edsticas de los municipios tur\u00edsticos\nde M\u00e9xico y la evoluci\u00f3n de la propagaci\u00f3n del COVID-19, se realizaron an\u00e1lisis de regresi\u00f3n y cl\u00faster bayesianos sobre bases de datos disponibles y de acceso p\u00fablico. Se confirm\u00f3 que durante las primeras fases de la epidemia las municipalidades con mayor infraestructura y,\npor lo tanto, con mayor movimiento tur\u00edstico resultaron en significativo n\u00famero de casos de contagiados y de fallecimientos; en tanto que, en posteriores etapas, el movimiento tur\u00edstico perdi\u00f3 relevancia para explicarlos. Se describen las diferencias en la propagaci\u00f3n entre\ncl\u00fasteres identificados por fase en la evoluci\u00f3n de la pandemia. Se incluyen conclusiones, implicaciones y l\u00edneas futuras de investigaci\u00f3n. <\/small><\/p>\n<p><strong><small>Abstract<\/small><\/strong><\/p>\n<p style=\"text-align: justify;\"><small>In order to explore the relationships between the characteristics of Mexico\u2019s tourism municipalities and the evolution of the spread of the COVID-19, Bayesian regression and cluster analyzes were carried out on available and publicly accessible databases. It was confirmed that during the first phases of the epidemic, tourism municipalities with greater infrastructure, and therefore with greater tourist movement, resulted in a significative number of cases of infected and deaths, while in later stages, the tourist movement lost relevance to explain them.\nThe differences in the spread between clusters identified by phase in the evolution of the pandemic are described. Conclusions, implications and future lines of research are included.<\/small><\/p>\n<\/details>\n<p><a href=\"https:\/\/doi.org\/10.47557\/YOEK2594\">https:\/\/doi.org\/10.47557\/YOEK2594<\/a><\/p>\n\n\n\n<div class=\"wp-block-file\"><a href=\"https:\/\/dimensionesturisticas.amiturismo.org\/wp-content\/uploads\/2020\/03\/2019-DT-V3N5-04_25-42-Palomino_L\u00f3pez.pdf\" class=\"wp-block-file__button\" download>PDF<\/a><\/div>\n\n\n\n<p class=\"has-small-font-size\"><a href=\"https:\/\/dimensionesturisticas.amiturismo.org\/wp-content\/uploads\/2020\/03\/2019-DT-V3N5-05_43-63-Kieffer.pdf\">Tourism policy in the face of COVID-19: the case of Mexico \/ Pol\u00edtica tur\u00edstica ante el COVID-19: el caso de M\u00e9xico<\/a><br>Alfonso Zepeda Arce, <em>Centro Universitario de la Costa Sur, Universidad de Guadalajara, Jalisco, M\u00e9xico<\/em><br>Lorena Trinidad Medina Esparz, <em>Centro Universitario de la Costa Sur, Universidad de Guadalajara, Jalisco, M\u00e9xico<\/em><br>Ana Mar\u00eda Flores Ibarra, <em>Centro Universitario de la Costa Sur, Universidad de Guadalajara, Jalisco, M\u00e9xico<\/em><\/p>\n\n\n\n<details>\n<summary><strong><small>Abstract \/ Resumen<\/small><\/strong><\/summary>\n<p style=\"text-align: justify;\"><small>Dado que el turismo a nivel mundial enfrenta un desaf\u00edo quiz\u00e1s nunca visto, el objetivo del presente trabajo es aportar elementos de an\u00e1lisis para la discusi\u00f3n referente a las pol\u00edticas implementadas en M\u00e9xico ante el COVID-19. Se desarroll\u00f3 bajo el enfoque de investigaci\u00f3n exploratoria, con la revisi\u00f3n de pol\u00edticas p\u00fablicas en respuesta a la pandemia e impacto en el turismo, enumeradas y enfrentadas a las recomendaciones de organismos internacionales; se\nutiliz\u00f3 parte de la metodolog\u00eda de estudios de reparaci\u00f3n de imagen durante crisis en el sector, relacionando eventos disruptivos y turismo que afectaron en el pasado. Se concluye que hasta junio de 2020 el mundo sigue tambaleante, es una nueva crisis con un futuro incierto,\nempero, en M\u00e9xico se ha reconsiderado al turismo como una actividad esencial, por ello ser\u00e1 necesaria una gran dosis de \u00edmpetu para potenciar esta actividad. Es fundamental que se actue con compromiso, responsabilidad y solidaridad.<\/small><\/p>\n<p><strong><small>Abstract<\/small><\/strong><\/p>\n<p style=\"text-align: justify;\"><small>Given that tourism worldwide faces a challenge perhaps never seen before, the objective of this document is to provide elements of analysis for the discussion regarding the policies implemented in Mexico in the face of COVID-19. Was developed under the exploratory research approach, public policies in response to the pandemic and impact on tourism, reviewed, listed and compared with the recommendations of international organizations. Part of the methodology of image repair studies was used during crisis in the sector, disruptive events and tourism that affected in the past were related. It is concluded that, until June 2020, the world is still reeling, it is a new crisis with an uncertain future, however, in Mexico tourism has been reconsidered as an essential activity, for this reason a large dose of impetus will be necessary to enhance this activity. It is essential to act with commitment, responsibility and solidarity.<\/small><\/p>\n<\/details>\n<p><a href=\"https:\/\/doi.org\/10.47557\/WOXQ7908\">https:\/\/doi.org\/10.47557\/WOXQ7908<\/a><\/p>\n\n\n\n<div class=\"wp-block-file\"><a href=\"https:\/\/dimensionesturisticas.amiturismo.org\/wp-content\/uploads\/2020\/03\/2019-DT-V3N5-05_43-63-Kieffer.pdf\" class=\"wp-block-file__button\" download>PDF<\/a><\/div>\n\n\n\n<p class=\"has-small-font-size\"><a href=\"https:\/\/dimensionesturisticas.amiturismo.org\/wp-content\/uploads\/2020\/03\/2019-DT-V3N5-06_64-78-Samuel-Jouault.pdf\">Estimaci\u00f3n de la vulnerabilidad de los municipios tur\u00edsticos de Jalisco ante la pandemia del COVID-19\ny opciones de pol\u00edtica p\u00fablica \/ Estimating the vulnerability of the tourist municipalities of Jalisco to the covid-2019 pandemic\nand public policy options<\/a><br>Basilio Verduzco Ch\u00e1vez, <em>Universidad de Guadalajara, Jalisco, M\u00e9xico<\/em><\/p>\n\n\n\n<details>\n<summary><strong><small>Abstract \/ Resumen<\/small><\/strong><\/summary>\n<p style=\"text-align: justify;\"><small>Este art\u00edculo propone un modelo general tridimensional para estimar la vulnerabilidad de los destinos tur\u00edsticos ante la pandemia del COVID-19. El modelo se aplica con datos de municipios de Jalisco, M\u00e9xico, con el prop\u00f3sito de explorar opciones de pol\u00edticas p\u00fablicas. Relacionando resultados y niveles de incidencia se presenta una tipolog\u00eda de municipios \u00fatil para el dise\u00f1o de pol\u00edticas ad hoc, considerando vulnerabilidades y patrones de contagio en municipios metropolitanos, costeros de turismo rural, ribere\u00f1os, pueblos m\u00e1gicos, turismo religioso y ciudades medias. La principal contribuci\u00f3n es el desarrollo de un modelo replicable para explorar opciones de pol\u00edticas dirigidas a enfrentar la vulnerabilidad.<\/small><\/p>\n<p><strong><small>Abstract<\/small><\/strong><\/p>\n<p style=\"text-align: justify;\"><small>This article proposes a general three-dimensional model to estimate the vulnerability of tourist destinations to the COVID-19 pandemic. The model is applied with data for municipalities in Jalisco, Mexico, with the purpose of exploring public policy options. Relating results and levels of incidence, a typology of municipalities, useful for the design of ad hoc policies, is presented considering vulnerabilities and contagion patterns distinguishing\nmetropolitan municipalities from those located in coastal rural, riverside, magical towns, religious tourism and medium size cities. The main contribution is the development of a replicable model to explore policy options aimed to addressing vulnerability.<\/small><\/p>\n<\/details>\n<p><a href=\"https:\/\/doi.org\/10.47557\/WDDL6015\">https:\/\/doi.org\/10.47557\/WDDL6015<\/a><\/p>\n\n\n\n<div class=\"wp-block-file\"><a href=\"https:\/\/dimensionesturisticas.amiturismo.org\/wp-content\/uploads\/2020\/03\/2019-DT-V3N5-06_64-78-Samuel-Jouault.pdf\" class=\"wp-block-file__button\" download>PDF<\/a><\/div>\n\n\n\n<p class=\"has-small-font-size\"><a href=\"https:\/\/dimensionesturisticas.amiturismo.org\/wp-content\/uploads\/2020\/03\/2019-DT-V3N5-07_79-95-Lemas-y-Garc\u00eda.pdf\">La gota que derram\u00f3 el vaso en el turismo en Quintana Roo, M\u00e9xico:\nprecariedad laboral y COVID-19 \/ The drop that spilled the glass in tourism in Quintana Roo, Mexico: job insecurity and COVID-19.<\/a><br>Alejandro Palafox-Mu\u00f1oz, <em>Universidad de Quintana Roo<\/em><br>Felipe Augusto Rub\u00ed-Gonz\u00e1lez, <em>Abogado independiente<\/em><\/p>\n\n\n\n<details>\n<summary><strong><small>Abstract \/ Resumen<\/small><\/strong><\/summary>\n<p style=\"text-align: justify;\"><small>La precariedad laboral ha sido usada como instrumento para fortalecer al modelo econ\u00f3mico neoliberal. En M\u00e9xico se establecieron las condiciones para su implementaci\u00f3n desde el a\u00f1o 2012, a trav\u00e9s de la Ley Federal del Trabajo. La calidad del empleo en el sector tur\u00edstico tiene la desventaja de ser estacional, sin prestaciones, jornadas excesivas, y flexible, entre otras. As\u00ed, las empresas trasladaron ciertos gastos a las manos de los trabajadores, destacando el relacionado con el acceso a servicios de salud. La contingencia sanitaria establecida en el mes de marzo de 2020 en el territorio mexicano provoc\u00f3 que la precariedad laboral fuera notoria, al\nno respetarse la recomendaci\u00f3n del Estado denominada \u201csana distancia\u201d, ante el desempleo tras el cierre de las actividades no esenciales. El prop\u00f3sito de este documento es reflexionar sobre c\u00f3mo la precarizaci\u00f3n laboral del sector tur\u00edstico ha provocado que el estado de Quintana Roo se posicione como una de las entidades con mayor n\u00famero de contagios per c\u00e1pita. \n<\/small><\/p>\n<p><strong><small>Abstract<\/small><\/strong><\/p>\n<p style=\"text-align: justify;\"><small>Job insecurity has been an instrument that has strengthened the neoliberal economic model.\nIn Mexico, the conditions for its implementation were established since 2012, through the Federal Labor Law. The quality of employment in the tourism sector has the disadvantage of being seasonal, without benefits, excessive hours, and flexible, among others. Thus, the companies transferred certain expenses to the hands of the workers, specially the one related to health services access. The health contingency established in the month of March 2020 in the Mexican territory caused the job insecurity to be notorious, as the recommendation of the State called \u201chealthy distance\u201d was not respected, due to the unemployment after the closure of non-essential activities. The purpose of this document is to reflect on how the precarious employment of the tourism sector has caused the state of Quintana Roo to position itself as one of the entities with the highest number of infections per capita.\n<\/small><\/p>\n<\/details>\n<p><a href=\"https:\/\/doi.org\/10.47557\/IMGO5677\">https:\/\/doi.org\/10.47557\/IMGO5677<\/a><\/p>\n\n\n\n<div class=\"wp-block-file\"><a href=\"https:\/\/dimensionesturisticas.amiturismo.org\/wp-content\/uploads\/2020\/03\/2019-DT-V3N5-07_79-95-Lemas-y-Garc\u00eda.pdf\" class=\"wp-block-file__button\" download>PDF<\/a><\/div>\n\n\n\n<p class=\"has-small-font-size\"><a href=\"https:\/\/dimensionesturisticas.amiturismo.org\/wp-content\/uploads\/2020\/03\/2019-DT-V3N5-07_79-95-Lemas-y-Garc\u00eda.pdf\">Travel intentions to a regional tourist destination in the pos-COVID-19 context: the case of Colima, Mexico \/ Intenciones de turistas potenciales regionales para viajar al estado de Colima, en el contexto pos-COVID-19.<\/a><br>Carlos Mario Amaya Molinar, <em>Universidad de Colima, Colima, M\u00e9xico<\/em><br>Renato Francisco Gonz\u00e1lez S\u00e1nchez, <em>Universidad de Colima, Colima, M\u00e9xico<\/em><br>Irma Maga\u00f1a Carrillo, <em>Universidad de Colima, Colima, M\u00e9xico<\/em><\/p>\n\n\n\n<details>\n<summary><strong><small>Abstract \/ Resumen<\/small><\/strong><\/summary>\n<p style=\"text-align: justify;\"><small>Este trabajo busca conocer las intenciones de viaje potenciales en el \u00e1rea de influencia tur\u00edstica de Colima, M\u00e9xico. Se utilizaron 495 cuestionarios que permitieron desarrollar una base de datos a fin de generar informaci\u00f3n descriptiva y realizar an\u00e1lisis de correspondencias. Los encuestados muestran cautela de viajar frente a los riesgos sanitarios, la situaci\u00f3n econ\u00f3mica y la inseguridad. El trabajo se basa asimismo en la literatura acad\u00e9mica sobre temas de mercadotecnia, manejo de desastres y competitividad tur\u00edstica. Se formulan propuestas para la recuperaci\u00f3n de la actividad tur\u00edstica en Colima al final de la pandemia.<\/small><\/p>\n<p><strong><small>Abstract<\/small><\/strong><\/p>\n<p style=\"text-align: justify;\"><small>This work seeks to know the travel intentions of potential tourists in the area of tourist influence of Colima, Mexico. 495 questionnaires allowed to develop a database in order to generate descriptive information and perform correspondence analysis. Respondents show caution to travel in the face of health risks, the economic situation and insecurity. The work is also based on the academic literature on marketing, disaster management and tourism competitiveness issues. Proposals are made for the recovery of tourist activity in Colima at the end of the pandemic. <\/small><\/p>\n<\/details>\n<p><a href=\"https:\/\/doi.org\/10.47557\/THLB4755\">https:\/\/doi.org\/10.47557\/THLB4755<\/a><\/p>\n\n\n\n<div class=\"wp-block-file\"><a href=\"https:\/\/dimensionesturisticas.amiturismo.org\/wp-content\/uploads\/2020\/03\/2019-DT-V3N5-07_79-95-Lemas-y-Garc\u00eda.pdf\" class=\"wp-block-file__button\" download>PDF<\/a><\/div>\n\n\n\n<h5>Essay \/ Nota Cr\u00edtica <\/h5>\n\n\n\n<p class=\"has-small-font-size\"><a href=\"https:\/\/dimensionesturisticas.amiturismo.org\/wp-content\/uploads\/2020\/03\/2019-DT-V3N5-08_96-105-Nota-Cri\u0301tica.pdf\">COVID-19 and rural tourism: an anthropological perspective \/ El COVID-19 y el turismo rural: una perspectiva antropol\u00f3gica.<\/a><br>Maximiliano E. Korstanje, <em>Universidad de Palermo, Argentina<\/em><\/p>\n\n\n\n<details>\n<summary><strong><small>Abstract \/ Resumen<\/small><\/strong><\/summary>\n<p style=\"text-align: justify;\"><small>La ruralidad juega un rol importante en la historia del turismo en Am\u00e9rica Latina, con un lugar\ndentro del colectivo imaginario de las grandes urbes. El sistema capitalista ha forzado la migraci\u00f3n masiva de las zonas rurales, las cuales quedaron despobladas, a las grandes ciudades.\nHoy, el turismo rural ofrece un escape para miles de turistas citadinos y una oportunidad para las econom\u00edas dom\u00e9sticas. En momentos de crisis como aquella que ha suscitado el COVID-19, se presenta como un destino obligado para miles de personas, como alternativa v\u00e1lida a una nueva normalidad donde el encuentro con el otro se encuentra clausurado. La pandemia no solo ha acelerado una crisis de sentido en el mundo occidental, probablemente causada por el 11 de septiembre, sino que reafirma una tendencia a la cual hemos llamado \u201cla muerte de la hospitalidad\u201d. En los d\u00edas sucesivos al 9\/11 muchos americanos eleg\u00edan destinos rurales para sus vacaciones, por ello, no sorprende notar que la mayor\u00eda de los abordajes emp\u00edricos y te\u00f3ricos se remontan a los a\u00f1os sucesivos al 2001. Estos estudios arrojan cierta luz sobre los efectos positivos y negativos alrededor del turismo rural que, como se ha discutido en la presente pieza de revisi\u00f3n cr\u00edtica, parece no ser la soluci\u00f3n a todos los problemas. <\/small><\/p>\n<p><strong><small>Abstract<\/small><\/strong><\/p>\n<p style=\"text-align: justify;\"><small>Rurality plays an important role in the history of tourism in Latin America, it occupies a place within the imaginary collective of large cities. The capitalist system has forced massive migration from these areas, which were left unpopulated, to the big cities. Today, rural tourism offers an escape for thousands of city tourists and an opportunity for domestic economies. In times of crisis like the one that has caused COVID-19, is presented as a must-see destination for thousands of people as a valid alternative to a new normal where the encounter with the other is closed. The pandemic has not only accelerated a crisis of meaning in the Western world, probably caused by September 11th, but it also reaffirms a trend that we have called\n\u201cthe death of hospitality.\u201d In the days after 9\/11, many Americans chose rural destinations for their vacations, therefore it is not surprising to note that most of the empirical and theoretical approaches date back to the years after 2001. These studies shed some light on the positive and negative effects around rural tourism that, as discussed in this critical review piece, appears not to be the solution to all problems.<\/small><\/p>\n<\/details>\n<p><a href=\"https:\/\/doi.org\/10.47557\/CKDK5549\">https:\/\/doi.org\/10.47557\/CKDK5549<\/a><\/p>\n\n\n\n<div class=\"wp-block-file\"><a href=\"https:\/\/dimensionesturisticas.amiturismo.org\/wp-content\/uploads\/2020\/03\/2019-DT-V3N5-08_96-105-Nota-Cri\u0301tica.pdf\" class=\"wp-block-file__button\" download>PDF<\/a><\/div>\n\n\n\n<h5>Book review \/ Rese\u00f1a bibliogr\u00e1fica <\/h5>\n\n\n\n<p class=\"has-small-font-size\"><a href=\"https:\/\/dimensionesturisticas.amiturismo.org\/wp-content\/uploads\/2020\/03\/2019-DT-V3N5-09_106-109-Rese\u00f1a.pdf\">Post-COVID-19 tourism. Reflections, challenges and opportunities<\/a><br>M. Basilia Valenzuela, <em>Universidad de Guadalajara, M\u00e9xico<\/em><\/p>\n\n\n\n<p><a href=\"https:\/\/doi.org\/10.47557\/GTNH7292\">https:\/\/doi.org\/10.47557\/GTNH7292<\/a><\/p>\n\n\n\n<div class=\"wp-block-file\"><a href=\"https:\/\/dimensionesturisticas.amiturismo.org\/wp-content\/uploads\/2020\/03\/2019-DT-V3N5-09_106-109-Rese\u00f1a.pdf\" class=\"wp-block-file__button\" download>PDF<\/a><\/div>","protected":false},"excerpt":{"rendered":"<p>P\u00e1gina Legal P\u00e1gina legal Presentaci\u00f3n \/ Presentation Nora L. Bringas R\u00e1bago y Carlos Amaya Molina,&nbsp;Coordinadores del n\u00famero Art\u00edculos \/ Articles Tipolog\u00eda de territorios tur\u00edsticos en M\u00e9xico<span class=\"excerpt-hellip\"> [\u2026]<\/span><\/p>","protected":false},"author":1,"featured_media":0,"parent":0,"menu_order":0,"comment_status":"closed","ping_status":"closed","template":"","meta":[],"acf":[],"_links":{"self":[{"href":"https:\/\/dimensionesturisticas.amiturismo.org\/en\/wp-json\/wp\/v2\/pages\/457"}],"collection":[{"href":"https:\/\/dimensionesturisticas.amiturismo.org\/en\/wp-json\/wp\/v2\/pages"}],"about":[{"href":"https:\/\/dimensionesturisticas.amiturismo.org\/en\/wp-json\/wp\/v2\/types\/page"}],"author":[{"embeddable":true,"href":"https:\/\/dimensionesturisticas.amiturismo.org\/en\/wp-json\/wp\/v2\/users\/1"}],"replies":[{"embeddable":true,"href":"https:\/\/dimensionesturisticas.amiturismo.org\/en\/wp-json\/wp\/v2\/comments?post=457"}],"version-history":[{"count":14,"href":"https:\/\/dimensionesturisticas.amiturismo.org\/en\/wp-json\/wp\/v2\/pages\/457\/revisions"}],"predecessor-version":[{"id":474,"href":"https:\/\/dimensionesturisticas.amiturismo.org\/en\/wp-json\/wp\/v2\/pages\/457\/revisions\/474"}],"wp:attachment":[{"href":"https:\/\/dimensionesturisticas.amiturismo.org\/en\/wp-json\/wp\/v2\/media?parent=457"}],"curies":[{"name":"wp","href":"https:\/\/api.w.org\/{rel}","templated":true}]}}