{"id":29,"date":"2020-03-08T07:22:00","date_gmt":"2020-03-08T07:22:00","guid":{"rendered":"https:\/\/dimensionesturisticas.amiturismo.org\/?page_id=29"},"modified":"2021-11-30T21:59:41","modified_gmt":"2021-11-30T21:59:41","slug":"vol-1-num-1-julio-diciembre-2017","status":"publish","type":"page","link":"https:\/\/dimensionesturisticas.amiturismo.org\/en\/vol-1-num-1-julio-diciembre-2017","title":{"rendered":"Vol. 1 N\u00fam. 1 julio-diciembre 2017"},"content":{"rendered":"<h5>Legal Page<\/h5>\n\n\n\n<p><a href=\"https:\/\/dimensionesturisticas.amiturismo.org\/wp-content\/uploads\/2020\/03\/2017-DT-V1N1-01-Legal.pdf\" target=\"_blank\" rel=\"noreferrer noopener\" aria-label=\"P\u00e1gina legal (se abre en una nueva pesta\u00f1a)\">Legal Page<\/a><\/p>\n\n\n\n<div class=\"wp-block-file\"><a href=\"https:\/\/dimensionesturisticas.amiturismo.org\/wp-content\/uploads\/2020\/03\/2017-DT-V1N1-01-Legal.pdf\" class=\"wp-block-file__button\" download>PDF<\/a><\/div>\n\n\n\n<p><a href=\"https:\/\/dimensionesturisticas.amiturismo.org\/wp-content\/uploads\/2020\/03\/2017-DT-V1N1-02-Presentacion.pdf\">Presentation \/ Presentaci\u00f3n<\/a><br>Nora Leticia Bringas R\u00e1bago<\/p>\n\n\n\n<div class=\"wp-block-file\"><a href=\"https:\/\/dimensionesturisticas.amiturismo.org\/wp-content\/uploads\/2020\/03\/2017-DT-V1N1-02-Presentacion.pdf\" class=\"wp-block-file__button\" download>PDF<\/a><\/div>\n\n\n\n<p><a href=\"https:\/\/dimensionesturisticas.amiturismo.org\/wp-content\/uploads\/2020\/03\/2017-DT-V1N1-03-Editorial.pdf\">Editorial \/ Editorial<\/a><br>Daniel Hiernaux-Nicolas<\/p>\n\n\n\n<div class=\"wp-block-file\"><a href=\"https:\/\/dimensionesturisticas.amiturismo.org\/wp-content\/uploads\/2020\/03\/2017-DT-V1N1-03-Editorial.pdf\" class=\"wp-block-file__button\" download>PDF<\/a><\/div>\n\n\n\n<h5>Articles \/ Art\u00edculos <\/h5>\n\n\n\n<p class=\"has-small-font-size\"><a href=\"https:\/\/dimensionesturisticas.amiturismo.org\/wp-content\/uploads\/2020\/03\/2017-DT-V1N1-04_13-30-Osorio.pdf\">Reflexiones en torno a la situaci\u00f3n de la investigaci\u00f3n tur\u00edstica \/ Reflections regarding the status of tourism research<\/a><br> Maribel Osorio Garc\u00eda, <em>Facultad de Turismo y Gastronom\u00eda, Universidad Aut\u00f3noma del Estado de M\u00e9xico<\/em><\/p>\n\n\n\n<div class=\"wp-block-file\"><a href=\"https:\/\/dimensionesturisticas.amiturismo.org\/wp-content\/uploads\/2020\/03\/2017-DT-V1N1-04_13-30-Osorio.pdf\" class=\"wp-block-file__button\" download>PDF<\/a><\/div>\n\n\n\n<p class=\"has-small-font-size\"><a href=\"https:\/\/dimensionesturisticas.amiturismo.org\/wp-content\/uploads\/2020\/03\/2017-DT-V1N1-05_31-52-Monterrubio.pdf\">Necesidades de la investigaci\u00f3n tur\u00edstica en M\u00e9xico: Reflexiones en el marco de la investigaci\u00f3n internacional \/ Requirements for tourism research in Mexico: Reflections within the international research framework<\/a><br> Carlos Monterrubio,<em> Universidad Aut\u00f3noma del Estado de M\u00e9xico<\/em><\/p>\n\n\n\n<div class=\"wp-block-file\"><a href=\"https:\/\/dimensionesturisticas.amiturismo.org\/wp-content\/uploads\/2020\/03\/2017-DT-V1N1-05_31-52-Monterrubio.pdf\" class=\"wp-block-file__button\" download>PDF<\/a><\/div>\n\n\n\n<p class=\"has-small-font-size\"><a href=\"https:\/\/dimensionesturisticas.amiturismo.org\/wp-content\/uploads\/2020\/03\/2017-DT-V1N1-06_53-80-Espeso_Molinero.pdf\">Caracter\u00edsticas y retos de la investigaci\u00f3n acci\u00f3n participativa (iaP). Una experiencia personal en investigaci\u00f3n tur\u00edstica \/ Characteristics and challenges of participatory action research (par): A personal experience in tourism research<\/a><br> Pilar Espeso-Molinero, <em>Universidad de Alicante<\/em><\/p>\n\n\n\n<div class=\"wp-block-file\"><a href=\"https:\/\/dimensionesturisticas.amiturismo.org\/wp-content\/uploads\/2020\/03\/2017-DT-V1N1-06_53-80-Espeso_Molinero.pdf\" class=\"wp-block-file__button\" download>PDF<\/a><\/div>\n\n\n\n<p class=\"has-small-font-size\"><a href=\"https:\/\/dimensionesturisticas.amiturismo.org\/wp-content\/uploads\/2020\/03\/2017-DT-V1N1-07_81-110-Verduzco.pdf\">El tsunami que viene: el advenimiento de las pol\u00edticas p\u00fablicas orientadas a mejorar la experiencia del turista \/ The approaching tsunami: Emergence of public policies oriented toward enhancing the experience of tourists<\/a><br> Basilio Verduzco Ch\u00e1vez, <em>Universidad de Guadalajara<\/em><\/p>\n\n\n\n<div class=\"wp-block-file\"><a href=\"https:\/\/dimensionesturisticas.amiturismo.org\/wp-content\/uploads\/2020\/03\/2017-DT-V1N1-07_81-110-Verduzco.pdf\" class=\"wp-block-file__button\" download>PDF<\/a><\/div>\n\n\n\n<p class=\"has-small-font-size\"><a href=\"https:\/\/dimensionesturisticas.amiturismo.org\/wp-content\/uploads\/2020\/03\/2017-DT-V1N1-08_111-142-Gonzalez.pdf\">La relaci\u00f3n entre empresa Tur\u00edstica y desarrollo sostenible en las Teor\u00edas administrativas y sociales. Una propuesta esquem\u00e1tica para su abordaje \/ The relationship between tourism enterprises and sustainable development in management and social theories. A schematic proposal for its approach<\/a><br> Alfonso Gonz\u00e1lez Dami\u00e1n, <em>Universidad de Quintana Roo, Unidad Acad\u00e9mica Cozumel<\/em> <\/p>\n\n\n\n<div class=\"wp-block-file\"><a href=\"https:\/\/dimensionesturisticas.amiturismo.org\/wp-content\/uploads\/2020\/03\/2017-DT-V1N1-08_111-142-Gonzalez.pdf\" class=\"wp-block-file__button\" download>PDF<\/a><\/div>\n\n\n\n<h5>Essay \/ Nota Cr\u00edtica <\/h5>\n\n\n\n<p class=\"has-small-font-size\"><a href=\"https:\/\/dimensionesturisticas.amiturismo.org\/wp-content\/uploads\/2020\/03\/2017-DT-V1N1-09_143-156-Nota-Jimenez.pdf\">Las universidades y el turismo: Reflexiones sobre la investigaci\u00f3n tur\u00edstica en M\u00e9xico \/ Universities and tourism: Reflections on tourism research in Mexico<\/a><br> Alfonso De Jes\u00fas Jim\u00e9nez Mart\u00ednez, <em>Unidad Acad\u00e9mica de Turismo, Universidad Aut\u00f3noma de Guerrero<\/em><br> Mario Alberto Vel\u00e1zquez Garc\u00eda, <em>Colegio del Estado de Hidalgo<\/em><\/p>\n\n\n\n<div class=\"wp-block-file\"><a href=\"https:\/\/dimensionesturisticas.amiturismo.org\/wp-content\/uploads\/2020\/03\/2017-DT-V1N1-09_143-156-Nota-Jimenez.pdf\" class=\"wp-block-file__button\" download>PDF<\/a><\/div>\n\n\n\n<h5>Book review \/ Rese\u00f1a bibliogr\u00e1fica <\/h5>\n\n\n\n<p class=\"has-small-font-size\"><a href=\"https:\/\/dimensionesturisticas.amiturismo.org\/wp-content\/uploads\/2020\/03\/2017-DT-V1N1-10_157-160-Resena-Cuamea.pdf\">Turismo, sociedad y territorio: una lectura cr\u00edtica. Libro Homenaje a Manuel Rodr\u00edguez Woog (1957-2015) \/ Tourism, society, and territory: A critical interpretation. Book homage to Manuel Rodriguez Woog (1957-2015)<\/a><br> Felipe Cuamea Vel\u00e1zquez, <em>Facultad de Econom\u00eda y Relaciones Internacionales Universidad Aut\u00f3noma de Baja California (UABC)<\/em><\/p>\n\n\n\n<div class=\"wp-block-file\"><a href=\"https:\/\/dimensionesturisticas.amiturismo.org\/wp-content\/uploads\/2020\/03\/2017-DT-V1N1-10_157-160-Resena-Cuamea.pdf\" class=\"wp-block-file__button\" download>PDF<\/a><\/div>\n\n\n\n<h5>Rese\u00f1a de congreso \/ Congress review <\/h5>\n\n\n\n<p class=\"has-small-font-size\"><a href=\"https:\/\/dimensionesturisticas.amiturismo.org\/wp-content\/uploads\/2020\/03\/2017-DT-V1N1-11_161-166-Resena-Congreso.pdf\">X Congreso Internacional de la Asociaci\u00f3n Mexicana de Investigaci\u00f3n Tur\u00edstica \/ X International Conference of the Mexican Association of Tourism Research<\/a><br> M\u00f3nica Velarde Valdez, <em>Universidad de Occidente, Mazatl\u00e1n<\/em><\/p>\n\n\n\n<div class=\"wp-block-file\"><a href=\"https:\/\/dimensionesturisticas.amiturismo.org\/wp-content\/uploads\/2020\/03\/2017-DT-V1N1-11_161-166-Resena-Congreso.pdf\" class=\"wp-block-file__button\" download>PDF<\/a><\/div>","protected":false},"excerpt":{"rendered":"<p>P\u00e1gina Legal P\u00e1gina legal Presentaci\u00f3n \/ PresentationNora Leticia Bringas R\u00e1bago Editorial \/ EditorialDaniel Hiernaux-Nicolas Art\u00edculos \/ Articles Reflexiones en torno a la situaci\u00f3n de la investigaci\u00f3n<span class=\"excerpt-hellip\"> [\u2026]<\/span><\/p>","protected":false},"author":1,"featured_media":0,"parent":0,"menu_order":0,"comment_status":"closed","ping_status":"closed","template":"","meta":[],"acf":[],"_links":{"self":[{"href":"https:\/\/dimensionesturisticas.amiturismo.org\/en\/wp-json\/wp\/v2\/pages\/29"}],"collection":[{"href":"https:\/\/dimensionesturisticas.amiturismo.org\/en\/wp-json\/wp\/v2\/pages"}],"about":[{"href":"https:\/\/dimensionesturisticas.amiturismo.org\/en\/wp-json\/wp\/v2\/types\/page"}],"author":[{"embeddable":true,"href":"https:\/\/dimensionesturisticas.amiturismo.org\/en\/wp-json\/wp\/v2\/users\/1"}],"replies":[{"embeddable":true,"href":"https:\/\/dimensionesturisticas.amiturismo.org\/en\/wp-json\/wp\/v2\/comments?post=29"}],"version-history":[{"count":27,"href":"https:\/\/dimensionesturisticas.amiturismo.org\/en\/wp-json\/wp\/v2\/pages\/29\/revisions"}],"predecessor-version":[{"id":209,"href":"https:\/\/dimensionesturisticas.amiturismo.org\/en\/wp-json\/wp\/v2\/pages\/29\/revisions\/209"}],"wp:attachment":[{"href":"https:\/\/dimensionesturisticas.amiturismo.org\/en\/wp-json\/wp\/v2\/media?parent=29"}],"curies":[{"name":"wp","href":"https:\/\/api.w.org\/{rel}","templated":true}]}}