{"id":243,"date":"2020-08-12T00:01:36","date_gmt":"2020-08-12T00:01:36","guid":{"rendered":"https:\/\/dimensionesturisticas.amiturismo.org\/?page_id=243"},"modified":"2021-11-30T21:53:25","modified_gmt":"2021-11-30T21:53:25","slug":"vol-4-num-6-enero-junio-2020","status":"publish","type":"page","link":"https:\/\/dimensionesturisticas.amiturismo.org\/en\/vol-4-num-6-enero-junio-2020","title":{"rendered":"Vol. 4 Num 6 January-June 2020"},"content":{"rendered":"<p><!--StartFragment--><\/p>\n\n\n<h5>Legal Page<\/h5>\n\n\n\n<p><a href=\"https:\/\/dimensionesturisticas.amiturismo.org\/wp-content\/uploads\/2020\/08\/2020-DT-V4N6-01-Pagina-Legal.pdf\" target=\"_blank\" rel=\"noreferrer noopener\" aria-label=\" (se abre en una nueva pesta\u00f1a)\">Legal Page<\/a><\/p>\n\n\n\n<div class=\"wp-block-file\"><a href=\"https:\/\/dimensionesturisticas.amiturismo.org\/wp-content\/uploads\/2020\/08\/2020-DT-V4N6-01-Pagina-Legal.pdf\" class=\"wp-block-file__button\" download>PDF<\/a><\/div>\n\n\n\n<p><a href=\"https:\/\/dimensionesturisticas.amiturismo.org\/wp-content\/uploads\/2020\/08\/2020-DT-V4N6-02-Presentaci\u00f3n-7-8.pdf\">Presentation \/ Presentaci\u00f3n<\/a><br>  Nora Leticia Bringas R\u00e1bago,&nbsp; Directora de Dimensiones Tur\u00edsticas  <\/p>\n\n\n\n<div class=\"wp-block-file\"><a href=\"https:\/\/dimensionesturisticas.amiturismo.org\/wp-content\/uploads\/2020\/08\/2020-DT-V4N6-02-Presentaci\u00f3n-7-8.pdf\" class=\"wp-block-file__button\" download>PDF<\/a><\/div>\n\n\n\n<h5>Articles \/ Art\u00edculos <\/h5>\n\n\n\n<p class=\"has-small-font-size\"><a href=\"https:\/\/dimensionesturisticas.amiturismo.org\/wp-content\/uploads\/2020\/08\/2020-DT-V4N6-Art\u00edculo-1-El-ecomuseo-gobernanza-tur\u00edstica-9-38.pdf\">El Ecomuseo como espacio para la activaci\u00f3n de procesos de gobernanza tur\u00edstica. Cogesti\u00f3n del patrimonio como gesti\u00f3n responsable \/  The Ecomuseum as a space for the activation of tourism governance processes. Heritage co-management as responsible management <br><\/a> H\u00e9ctor Moreno Mendoza,  <em>Universidad de Las Palmas de Gran Canaria <\/em><br> Agust\u00edn Santana Talavera,<em> Universidad de la Laguna<\/em><\/p>\n\n\n\n<details>\n<summary><strong><small>Abstract \/ Resumen<\/small><\/strong><\/summary>\n<p style=\"text-align: justify;\"><small>Un ecomuseo orienta sus tareas de conservaci\u00f3n, formaci\u00f3n y reproducci\u00f3n identitaria y patrimonial con base en la cercan\u00eda al territorio y a sus poblaciones. Ello conlleva un sistema de gesti\u00f3n flexible que se adapta a especificidades contextuales, empoderando a las poblaciones locales para gobernarse por s\u00ed mismas con relaci\u00f3n a un proyecto com\u00fan. Este estudio explora la activaci\u00f3n en los procesos de gobernanza en los ecomuseos, en el Proyecto Cultural de Desarrollo Comunitario de la Aldea en la isla de Gran Canaria (Islas Canarias, Espa\u00f1a), conformado por 15 museos relacionados con oficios y labores tradicionales. A partir del an\u00e1lisis es posible confirmar que la cogesti\u00f3n, en concordancia con la gobernanza, es una herramienta eficaz para el reparto de responsabilidades y competencias en la gesti\u00f3n de los recursos, siendo sostenible en el tiempo y contribuyendo a superar crisis intermedias (econ\u00f3micas y sociales).<\/small><\/p>\n<p><strong><small>Abstract<\/small><\/strong><\/p>\n<p style=\"text-align: justify;\"><small>An ecomuseum guides its conservation, training, and identity building and heritage reproduction, based on proximity to the territory and its populations. This entails a flexible management system that adapts to contextual specificities, empowering local populations to govern themselves in relation to a common project. This study explores the activation in ecomuseum governance processes, in particular The Cultural Community Development Project of the Village on the island of Gran Canaria (Canary Islands, Spain), consisting of 15 museums related to traditional crafts and work. From the analysis it is possible to confirm that co-management, in accordance with governance, is an effective tool for sharing responsibilities and competencies in resource management, being sustainable over time and contributing to overcoming intermediate crisis (economic and social).<\/small><\/p>\n<\/details>\n<p><a href=\"https:\/\/doi.org\/10.47557\/ZCGR8597\">https:\/\/doi.org\/10.47557\/ZCGR8597<\/a><\/p>\n\n\n\n<div class=\"wp-block-file\"><a href=\"https:\/\/dimensionesturisticas.amiturismo.org\/wp-content\/uploads\/2020\/08\/2020-DT-V4N6-Art\u00edculo-1-El-ecomuseo-gobernanza-tur\u00edstica-9-38.pdf\" class=\"wp-block-file__button\" download>PDF<\/a><\/div>\n\n\n\n<p class=\"has-small-font-size\"><a href=\"https:\/\/dimensionesturisticas.amiturismo.org\/wp-content\/uploads\/2020\/08\/2020-DT-V4N6-Art\u00edculo-2-Turismo-y-la-lucha-contra-la-pobreza-en-el-Per\u00fa-39-62.pdf\">Turismo y la lucha contra la pobreza en el Per\u00fa. An\u00e1lisis de dos casos regionales \/  Tourism and fighting poverty in Peru. Two regional case studies<\/a> <br> Jessica Figueroa Pinedo,  <em>Laboratori Multidisciplinar de Recerca en Turisme Universitat de Girona, Spain<\/em><\/p>\n\n\n\n<details>\n<summary><strong><small>Abstract \/ Resumen<\/small><\/strong><\/summary>\n<p style=\"text-align: justify;\"><small>La importancia que est\u00e1 adquiriendo la actividad tur\u00edstica en el Per\u00fa invita a analizar su estrecha relaci\u00f3n con la pobreza, pues las pr\u00e1cticas tur\u00edsticas se desenvuelven en regiones con persistentes niveles de pobreza y desigualdad. El objetivo del presente art\u00edculo es contribuir al debate sobre las posibilidades del sector turismo de reducir la pobreza en regiones pobres. Para ello, se presentan dos casos de estudios en el Per\u00fa: Cuzco, en el sur andino y Trujillo (La Libertad) en la costa norte. A partir de datos secundarios de las fuentes oficiales se procede a un an\u00e1lisis en profundidad de la actividad tur\u00edstica y su impacto socioecon\u00f3mico en cada regi\u00f3n. Los resultados llaman la atenci\u00f3n hacia los problemas sociales y las dificultades que tienen estas regiones en lograr que los beneficios de la actividad tur\u00edstica repercutan en la poblaci\u00f3n local.<\/small><\/p>\n<p><strong><small>Abstract<\/small><\/strong><\/p>\n<p style=\"text-align: justify;\"><small>The current importance achieved by the tourism sector in Peru begs for an analysis of its close relationship with poverty, since tourist practices are developed in regions with persistent levels of poverty and inequality. The objective of this article is to contribute to the debate on the possibilities of the tourism sector to reduce poverty in poor regions. For this purpose, it analyses two case studies in Peru: Cuzco, in the Southern Andes and Trujillo (La Libertad), in the North coast. An in-depth analysis of tourism activity and its socioeconomic impact in each region is carried out based on secondary data from official sources, Findings draw attention to the difficulties that these regions have in making the benefits of tourist activity have a positive impact on the local population.<\/small><\/p>\n<\/details>\n<p><a href=\"https:\/\/doi.org\/10.47557\/SCUO1957\">https:\/\/doi.org\/10.47557\/SCUO1957<\/a><\/p>\n\n\n\n<div class=\"wp-block-file\"><a href=\"https:\/\/dimensionesturisticas.amiturismo.org\/wp-content\/uploads\/2020\/08\/2020-DT-V4N6-Art\u00edculo-2-Turismo-y-la-lucha-contra-la-pobreza-en-el-Per\u00fa-39-62.pdf\" class=\"wp-block-file__button\" download>PDF<\/a><\/div>\n\n\n\n<p class=\"has-small-font-size\"><a href=\"https:\/\/dimensionesturisticas.amiturismo.org\/wp-content\/uploads\/2020\/08\/2020-DT-V4N6-Art\u00edculo-3-Estructura-territorial-Palenque-63-90.pdf\">Estructura territorial del turismo en la regi\u00f3n Palenque-Cascadas de Agua Azul, Chiapas, M\u00e9xico \/  Territorial structure of tourism in the region Palenque-Cascadas de Agua Azul, Chiapas, Mexico <\/a><br> Josu\u00e9 Roberto Garza Tovar, <em>Universidad Nacional Aut\u00f3noma de M\u00e9xico <br> <\/em>\u00c1lvaro S\u00e1nchez Crisp\u00edn<em>, Universidad Nacional Aut\u00f3noma de M\u00e9xico <br> <\/em>Alicia Figueroa Encino<em>, Universidad Nacional Aut\u00f3noma de M\u00e9xico<\/em> <\/p>\n\n\n\n<details>\n<summary><strong><small>Abstract \/ Resumen<\/small><\/strong><\/summary>\n<p style=\"text-align: justify;\"><small>Este art\u00edculo examina la estructura territorial del turismo en la regi\u00f3n Palenque-Cascadas de Agua Azul, Chiapas, con uno de los sitios arqueol\u00f3gicos m\u00e1s visitados en M\u00e9xico, Patrimonio de la Humanidad por la Unesco y dos \u00e1reas naturales protegidas. Los hallazgos de la investigaci\u00f3n documental y de campo muestran un hecho parad\u00f3jico: la fuerte conexi\u00f3n terrestre del \u00e1rea de estudio con otros circuitos tur\u00edsticos en la Ruta Maya y en Chiapas, frente a la desarticulaci\u00f3n espacial de su oferta tur\u00edstica, lo que restringe los eslabonamientos productivos del turismo con la econom\u00eda local.<\/small><\/p>\n<p><strong><small>Abstract<\/small><\/strong><\/p>\n<p style=\"text-align: justify;\"><small>This article examines the territorial structure of tourism in the Palenque-Cascadas de Agua Azul of Chiapas, a region with one of the most visited Mayan cities in Mexico, Unesco World Heritage Site, and two natural protected areas. Based on documentary research and field work, carried out between 2017 and 2019, the main findings show a contradictory fact: while the study area has strong land-connections with other tourist destinations in the Mayan Route, at the same time, it shows weak spatial links among its own tourist resources, which constrains the productive relevance of tourism in the local economy.<\/small><\/p>\n<\/details>\n<p><a href=\"https:\/\/doi.org\/10.47557\/ZDXF5859\">https:\/\/doi.org\/10.47557\/ZDXF5859<\/a><\/p>\n\n\n\n<div class=\"wp-block-file\"><a href=\"https:\/\/dimensionesturisticas.amiturismo.org\/wp-content\/uploads\/2020\/08\/2020-DT-V4N6-Art\u00edculo-3-Estructura-territorial-Palenque-63-90.pdf\" class=\"wp-block-file__button\" download>PDF<\/a><\/div>\n\n\n\n<p class=\"has-small-font-size\"><a href=\"https:\/\/dimensionesturisticas.amiturismo.org\/wp-content\/uploads\/2020\/08\/2020-DT-V4N6-Art\u00edculo-4-Imagen-tur\u00edstica-de-Mazatlan-91-118.pdf\">La imagen tur\u00edstica de Mazatl\u00e1n, M\u00e9xico: seg\u00fan la percepci\u00f3n de los turistas nacionales \/  The tourist image of Mazatlan, Mexico: according to the perception of national tourists <\/a><br> V\u00edctor Vladimir S\u00e1nchez Mendoza,  <em>Universidad Aut\u00f3noma de Sinaloa <\/em><br> Bertha Elena F\u00e9lix Colado,<em> Universidad Aut\u00f3noma de Sinaloa <\/em><br> Jes\u00fas Roberto Velarde Nava, <em>Universidad Aut\u00f3noma de Baja California Sur<\/em><\/p>\n\n\n\n<details>\n<summary><strong><small>Abstract \/ Resumen<\/small><\/strong><\/summary>\n<p style=\"text-align: justify;\"><small>Tener una imagen tur\u00edstica segura y confiable entre los turistas nacionales es una meta fundamental por cada destino y de manera particular en Mazatl\u00e1n, Sinaloa. El objetivo es el an\u00e1lisis de la percepci\u00f3n de los componentes atributivos y factores personales que determinan la formaci\u00f3n de la imagen tur\u00edstica del destino. Para lograrlo, se consideran aportaciones te\u00f3ricas sobre imagen tur\u00edstica y percepci\u00f3n. Adem\u00e1s, se utiliz\u00f3 una metodolog\u00eda cuantitativa a trav\u00e9s del m\u00e9todo descriptivo, mediante cuestionarios aplicados a 265 turistas de abril a septiembre de 2017. Entre los resultados destaca la percepci\u00f3n sobre la seguridad que no afecta a la imagen tur\u00edstica debido a que los turistas se sintieron seguros puesto que en sus lugares de origen tambi\u00e9n tienen lugar hechos violentos.<\/small><\/p>\n<p><strong><small>Abstract<\/small><\/strong><\/p>\n<p style=\"text-align: justify;\"><small>Having safe and reliable tourist image among national tourists is a fundamental goal for each of the destinations and particularly in Mazatlan, Sinaloa. The objective is the analysis of the perception of the attributive components and personal factors that determine the formation of the tourist image of the destination. To achieve this, theorical contributions on tourism image and perception were taken into account. In addition, a quantitative methodology was used through the descriptive method, the data collection is supported by questionnaires applied to 265 tourist from april to september 2017. The results include the perception of security that does not affect the tourist image because tourists felt safe even though violent events occur in their places of origin.<\/small><\/p>\n<\/details>\n<p><a href=\"https:\/\/doi.org\/10.47557\/SSHR8137\">https:\/\/doi.org\/10.47557\/SSHR8137<\/a><\/p>\n\n\n\n<div class=\"wp-block-file\"><a href=\"https:\/\/dimensionesturisticas.amiturismo.org\/wp-content\/uploads\/2020\/08\/2020-DT-V4N6-Art\u00edculo-4-Imagen-tur\u00edstica-de-Mazatlan-91-118.pdf\" class=\"wp-block-file__button\" download>PDF<\/a><\/div>\n\n\n\n<p class=\"has-small-font-size\"><a href=\"https:\/\/dimensionesturisticas.amiturismo.org\/wp-content\/uploads\/2020\/08\/2020-DT-V4N6-Art\u00edculo-5-Destino-PV-a-trav\u00e9s-de-pcdst-119-148.pdf\">Aportaciones al conocimiento tur\u00edstico del destino Puerto Vallarta y su zona de influencia, desde el posgrado en ciencias para el desarrollo, la sustentabilidad y el turismo \/  Contributions from the postgraduate program in sciences for development, sustainability and tourism to knowledge creation regarding Puerto Vallarta and its area of influence<\/a> <br> Carlos Gauna Ruiz de Le\u00f3n, <em>Centro Universitario de la Costa, Universidad de Guadalajara <\/em><br> Carlos R. Virgen Aguilar, <em>Centro Universitario de la Costa, Universidad de Guadalajara <\/em><\/p>\n\n\n\n<details>\n<summary><strong><small>Abstract \/ Resumen<\/small><\/strong><\/summary>\n<p style=\"text-align: justify;\"><small>Se realiza un an\u00e1lisis del destino Puerto Vallarta y su zona de influencia, a trav\u00e9s de los trabajos de tesis de posgrado (maestr\u00eda y doctorado) en Ciencias para el desarrollo, la sustentabilidad y el turismo de la Universidad de Guadalajara, con una visi\u00f3n multidisciplinar, de acuerdo con tem\u00e1ticas propuestas desde la academia para el an\u00e1lisis de la actividad tur\u00edstica. Refiere la importancia que tiene el turismo en una de las regiones mexicanas con mayor desarrollo, que a su vez provoca impactos econ\u00f3micos, socioculturales y medioambientales; adem\u00e1s, presenta aportaciones para la soluci\u00f3n de los conflictos y el fortalecimiento de sus capacidades de manera sostenible.<\/small><\/p>\n<p><strong><small>Abstract<\/small><\/strong><\/p>\n<p style=\"text-align: justify;\"><small>An analysis of Puerto Vallarta\u2019s destination and its zone of influence is made through the theses of the University of Guadalajara\u2019s graduate program (doctoral and masters) in sciences for development, sustainability and tourism, with a multidisciplinary vision, according to the themes proposed by the academy for the analysis of tourism activity. It shows the importance of tourism in one of the mexican regions with the greatest development, which in turn causes economic, socio-cultural and environmental impacts. It also presents contributions for the solution of conflicts and the strengthening of its capacities in a sustainable manner.<\/small><\/p>\n<\/details>\n<p><a href=\"https:\/\/doi.org\/10.47557\/EIDG4383\">https:\/\/doi.org\/10.47557\/EIDG4383<\/a><\/p>\n\n\n\n<div class=\"wp-block-file\"><a href=\"https:\/\/dimensionesturisticas.amiturismo.org\/wp-content\/uploads\/2020\/08\/2020-DT-V4N6-Art\u00edculo-5-Destino-PV-a-trav\u00e9s-de-pcdst-119-148.pdf\" class=\"wp-block-file__button\" download>PDF<\/a><\/div>\n\n\n\n<h5>Essay \/ Nota Cr\u00edtica <\/h5>\n\n\n\n<p class=\"has-small-font-size\"><a href=\"https:\/\/dimensionesturisticas.amiturismo.org\/wp-content\/uploads\/2020\/08\/2020-DT-V4N6-Nota-cr\u00edtica-Turismo-de-noche-149-158.pdf\">El estudio de la noche en el turismo: una agenda de investigaci\u00f3n  \/  The study of the night in tourism: a research agenda <\/a><br> Mario Alberto Vel\u00e1zquez Garc\u00eda,  <em>El Colegio de Hidalgo <\/em><br> Helene Balslev Clause, <em>Universidad de Aalborg<\/em><\/p>\n\n\n\n<details>\n<summary><strong><small>Abstract \/ Resumen<\/small><\/strong><\/summary>\n<p style=\"text-align: justify;\"><small>En este trabajo se propone identificar las dimensiones de un \u00e1rea de investigaci\u00f3n: el turismo de la noche. De tal modo, se har\u00e1 referencia a las pr\u00e1cticas, relaciones, creencias, consumos y usos de los lugares que se dedican preferentemente a las actividades tur\u00edsticas en el periodo de tiempo posterior a la ca\u00edda del sol. Con ello se busca abordar la relaci\u00f3n entre la oscuridad, la cultura material y un conjunto de experiencias sociales espec\u00edficas. Esto implica considerar a la noche como un agente social que tiene un papel activo en la construcci\u00f3n y desarrollo de las interacciones sociales.<\/small><\/p>\n<p><strong><small>Abstract<\/small><\/strong><\/p>\n<p style=\"text-align: justify;\"><small>In this article the purpose is to identify the dimensions of a research area: night tourism. This approach refers to practices, relationships, beliefs, consumptions and use of locations that are preferably dedicated to tourist activities after sunset. With this, it is addressed the relationship between darkness, material culture and a set of specific social experiences. This implies considering the night as a social agent that plays an active role in the construction and development of social interactions.<\/small><\/p>\n<\/details>\n<p><a href=\"https:\/\/doi.org\/10.47557\/CZOE5346\">https:\/\/doi.org\/10.47557\/CZOE5346<\/a><\/p>\n\n\n\n<div class=\"wp-block-file\"><a href=\"https:\/\/dimensionesturisticas.amiturismo.org\/wp-content\/uploads\/2020\/08\/2020-DT-V4N6-Nota-cr\u00edtica-Turismo-de-noche-149-158.pdf\" class=\"wp-block-file__button\" download>PDF<\/a><\/div>\n\n\n\n<h5>Book review \/ Rese\u00f1a bibliogr\u00e1fica <\/h5>\n\n\n\n<p class=\"has-small-font-size\"><a href=\"https:\/\/dimensionesturisticas.amiturismo.org\/wp-content\/uploads\/2020\/08\/2020-DT-V4N6-Rese\u00f1a_libro-1-Turismo-y-sustentabilidad-159-164.pdf\">Tourism and sustainability in rural areas<\/a><br> Elizabeth Olmos Mart\u00ednez,  <em>Universidad Aut\u00f3noma de Occidente, Unidad Mazatl\u00e1n <\/em><\/p>\n\n\n\n<p><a href=\"https:\/\/doi.org\/10.47557\/ISQP2989\">https:\/\/doi.org\/10.47557\/ISQP2989<\/a><\/p>\n\n\n\n<div class=\"wp-block-file\"><a href=\"https:\/\/dimensionesturisticas.amiturismo.org\/wp-content\/uploads\/2020\/08\/2020-DT-V4N6-Rese\u00f1a_libro-1-Turismo-y-sustentabilidad-159-164.pdf\" class=\"wp-block-file__button\" download>PDF<\/a><\/div>\n\n\n\n<p class=\"has-small-font-size\"><a href=\"https:\/\/dimensionesturisticas.amiturismo.org\/wp-content\/uploads\/2020\/08\/2020-DT-V4N6-Rese\u00f1a_libro-2-Sociolog\u00eda-del-Turismo-165-170.pdf\">Sociology of Tourism<\/a><br> Cayetano Espejo Mar\u00edn,  <em>Universidad de Murcia <\/em><\/p>\n\n\n\n<p><a href=\"https:\/\/doi.org\/10.47557\/FEMI4377\">https:\/\/doi.org\/10.47557\/FEMI4377<\/a><\/p>\n\n\n\n<div class=\"wp-block-file\"><a href=\"https:\/\/dimensionesturisticas.amiturismo.org\/wp-content\/uploads\/2020\/08\/2020-DT-V4N6-Rese\u00f1a_libro-2-Sociolog\u00eda-del-Turismo-165-170.pdf\" class=\"wp-block-file__button\" download>PDF<\/a><\/div>\n\n\n<p><!--EndFragment--><\/p>","protected":false},"excerpt":{"rendered":"<p>P\u00e1gina Legal P\u00e1gina legal Presentaci\u00f3n \/ Presentation Nora Leticia Bringas R\u00e1bago,&nbsp; Directora de Dimensiones Tur\u00edsticas Art\u00edculos \/ Articles El Ecomuseo como espacio para la activaci\u00f3n de<span class=\"excerpt-hellip\"> [\u2026]<\/span><\/p>","protected":false},"author":1,"featured_media":0,"parent":0,"menu_order":0,"comment_status":"closed","ping_status":"closed","template":"","meta":[],"acf":[],"_links":{"self":[{"href":"https:\/\/dimensionesturisticas.amiturismo.org\/en\/wp-json\/wp\/v2\/pages\/243"}],"collection":[{"href":"https:\/\/dimensionesturisticas.amiturismo.org\/en\/wp-json\/wp\/v2\/pages"}],"about":[{"href":"https:\/\/dimensionesturisticas.amiturismo.org\/en\/wp-json\/wp\/v2\/types\/page"}],"author":[{"embeddable":true,"href":"https:\/\/dimensionesturisticas.amiturismo.org\/en\/wp-json\/wp\/v2\/users\/1"}],"replies":[{"embeddable":true,"href":"https:\/\/dimensionesturisticas.amiturismo.org\/en\/wp-json\/wp\/v2\/comments?post=243"}],"version-history":[{"count":14,"href":"https:\/\/dimensionesturisticas.amiturismo.org\/en\/wp-json\/wp\/v2\/pages\/243\/revisions"}],"predecessor-version":[{"id":454,"href":"https:\/\/dimensionesturisticas.amiturismo.org\/en\/wp-json\/wp\/v2\/pages\/243\/revisions\/454"}],"wp:attachment":[{"href":"https:\/\/dimensionesturisticas.amiturismo.org\/en\/wp-json\/wp\/v2\/media?parent=243"}],"curies":[{"name":"wp","href":"https:\/\/api.w.org\/{rel}","templated":true}]}}