{"id":1358,"date":"2021-11-30T21:45:42","date_gmt":"2021-11-30T21:45:42","guid":{"rendered":"https:\/\/dimensionesturisticas.amiturismo.org\/?page_id=1358"},"modified":"2021-11-30T21:45:43","modified_gmt":"2021-11-30T21:45:43","slug":"estadisticas","status":"publish","type":"page","link":"https:\/\/dimensionesturisticas.amiturismo.org\/en\/estadisticas","title":{"rendered":"Statistics"},"content":{"rendered":"<p><strong>Porcentaje de rechazo<\/strong><\/p>\n\n\n\n<p>La revista&nbsp;<em>Dimensiones Tur\u00edsticas<\/em>&nbsp;calcula su porcentaje de rechazo de art\u00edculos de acuerdo con la siguiente f\u00f3rmula:<br><strong>PR = (AR\/AP)*100<\/strong><br><strong>PR:<\/strong>&nbsp;Porcentaje de rechazo<br><strong>AR:<\/strong>&nbsp;Art\u00edculos rechazados<br><strong>AP:<\/strong>&nbsp;Art\u00edculos postulados<\/p>\n\n\n\n<div class=\"wp-block-columns\">\n<div class=\"wp-block-column\">\n<figure class=\"wp-block-table is-style-regular\"><table><tbody><tr><td>Porcentaje de rechazo 2017: 25%<br>Art\u00edculos recibidos: 8<br>Art\u00edculos publicados: 6<br>Art\u00edculos rechazados: 2<\/td><td>Porcentaje de rechazo 2018: 20%<br>Art\u00edculos recibidos: 15<br>Art\u00edculos publicados: 12<br>Art\u00edculos rechazados: 3<\/td><\/tr><tr><td>Porcentaje de rechazo 2019: 20%<br>Art\u00edculos recibidos: 15<br>Art\u00edculos publicados: 12<br>Art\u00edculos rechazados: 3<\/td><td>Porcentaje de rechazo 2020: 37%<br>Art\u00edculos recibidos: 30<br>Art\u00edculos publicados: 19<br>Art\u00edculos rechazados: 11<\/td><\/tr><tr><td>Porcentaje de rechazo 2021: 48%<br>Art\u00edculos recibidos: 23<br>Art\u00edculos publicados: 12<br>Art\u00edculos rechazados: 11<\/td><td>Porcentaje de rechazo 2017-2021: 33%<br>Art\u00edculos recibidos: 91<br>Art\u00edculos publicados: 61<br>Art\u00edculos rechazados: 30<\/td><\/tr><\/tbody><\/table><\/figure>\n<\/div>\n\n\n\n<div class=\"wp-block-column\" style=\"flex-basis:50%\">\n<html>\n  <head>\n    <script type=\"text\/javascript\" src=\"https:\/\/www.gstatic.com\/charts\/loader.js\"><\/script>\n    <script type=\"text\/javascript\">\n      google.charts.load(\"current\", {packages:[\"corechart\"]});\n      google.charts.setOnLoadCallback(drawChart);\n      function drawChart() {\n        var data = google.visualization.arrayToDataTable([\n          ['Task', 'Hours per Day'],\n          ['Aceptados',     61],\n          ['Rechazados',      30]\n        ]);\n\n        var options = {\n          title: '\u00cdndice de rechazo',\n          is3D: true,\n        };\n\n        var chart = new google.visualization.PieChart(document.getElementById('piechart_3d'));\n        chart.draw(data, options);\n      }\n    <\/script>\n  <\/head>\n  <body>\n    <div id=\"piechart_3d\" style=\"width: 500px; height: 300px;\"><\/div>\n  <\/body>\n<\/html>\n<\/div>\n<\/div>\n\n\n\n<div style=\"height:20px\" aria-hidden=\"true\" class=\"wp-block-spacer\"><\/div>\n\n\n\n<div class=\"wp-block-buttons\">\n<div class=\"wp-block-button\"><a class=\"wp-block-button__link has-vivid-cyan-blue-background-color has-background\" href=\"https:\/\/scholar.google.es\/citations?hl=es&amp;user=nUyTW8UAAAAJ\" target=\"_blank\" rel=\"noreferrer noopener\">Google Acad\u00e9mico<\/a><\/div>\n<\/div>\n\n\n\n<iframe loading=\"lazy\" width=\"1100\" height=\"900\" src=\"https:\/\/datastudio.google.com\/embed\/reporting\/c257ccbe-a8b5-4b0f-aa96-e4c0ff80bfb2\/page\/Gg3\" frameborder=\"0\" style=\"border:0\" allowfullscreen=\"\"><\/iframe>","protected":false},"excerpt":{"rendered":"<p>Porcentaje de rechazo La revista&nbsp;Dimensiones Tur\u00edsticas&nbsp;calcula su porcentaje de rechazo de art\u00edculos de acuerdo con la siguiente f\u00f3rmula:PR = (AR\/AP)*100PR:&nbsp;Porcentaje de rechazoAR:&nbsp;Art\u00edculos rechazadosAP:&nbsp;Art\u00edculos postulados Porcentaje de<span class=\"excerpt-hellip\"> [\u2026]<\/span><\/p>","protected":false},"author":1,"featured_media":0,"parent":0,"menu_order":0,"comment_status":"closed","ping_status":"closed","template":"","meta":[],"acf":[],"_links":{"self":[{"href":"https:\/\/dimensionesturisticas.amiturismo.org\/en\/wp-json\/wp\/v2\/pages\/1358"}],"collection":[{"href":"https:\/\/dimensionesturisticas.amiturismo.org\/en\/wp-json\/wp\/v2\/pages"}],"about":[{"href":"https:\/\/dimensionesturisticas.amiturismo.org\/en\/wp-json\/wp\/v2\/types\/page"}],"author":[{"embeddable":true,"href":"https:\/\/dimensionesturisticas.amiturismo.org\/en\/wp-json\/wp\/v2\/users\/1"}],"replies":[{"embeddable":true,"href":"https:\/\/dimensionesturisticas.amiturismo.org\/en\/wp-json\/wp\/v2\/comments?post=1358"}],"version-history":[{"count":33,"href":"https:\/\/dimensionesturisticas.amiturismo.org\/en\/wp-json\/wp\/v2\/pages\/1358\/revisions"}],"predecessor-version":[{"id":1392,"href":"https:\/\/dimensionesturisticas.amiturismo.org\/en\/wp-json\/wp\/v2\/pages\/1358\/revisions\/1392"}],"wp:attachment":[{"href":"https:\/\/dimensionesturisticas.amiturismo.org\/en\/wp-json\/wp\/v2\/media?parent=1358"}],"curies":[{"name":"wp","href":"https:\/\/api.w.org\/{rel}","templated":true}]}}