{"id":135,"date":"2020-03-08T07:23:19","date_gmt":"2020-03-08T07:23:19","guid":{"rendered":"https:\/\/dimensionesturisticas.amiturismo.org\/?page_id=135"},"modified":"2021-11-30T21:57:01","modified_gmt":"2021-11-30T21:57:01","slug":"vol-3-num-4-enero-junio-2019","status":"publish","type":"page","link":"https:\/\/dimensionesturisticas.amiturismo.org\/en\/vol-3-num-4-enero-junio-2019","title":{"rendered":"Vol. 3 N\u00fam 4 enero-junio 2019"},"content":{"rendered":"<h5>Legal Page<\/h5>\n\n\n\n<p><a href=\"https:\/\/dimensionesturisticas.amiturismo.org\/wp-content\/uploads\/2020\/03\/2019-DT-V3N4-01_Legal.pdf\">Legal Page<\/a><\/p>\n\n\n\n<div class=\"wp-block-file\"><a href=\"https:\/\/dimensionesturisticas.amiturismo.org\/wp-content\/uploads\/2020\/03\/2019-DT-V3N4-01_Legal.pdf\" class=\"wp-block-file__button\" download>PDF<\/a><\/div>\n\n\n\n<p><a href=\"https:\/\/dimensionesturisticas.amiturismo.org\/wp-content\/uploads\/2020\/03\/2019-DT-V3N4-02-Presentacion.pdf\">Presentation \/ Presentaci\u00f3n<\/a><br>Nora Leticia Bringas R\u00e1bago, <em>Directora de Dimensiones Tur\u00edsticas <\/em><\/p>\n\n\n\n<div class=\"wp-block-file\"><a href=\"https:\/\/dimensionesturisticas.amiturismo.org\/wp-content\/uploads\/2020\/03\/2019-DT-V3N4-02-Presentacion.pdf\" class=\"wp-block-file__button\" download>PDF<\/a><\/div>\n\n\n\n<h5> Articles \/ Art\u00edculos <\/h5>\n\n\n\n<p class=\"has-small-font-size\"><a href=\"https:\/\/dimensionesturisticas.amiturismo.org\/wp-content\/uploads\/2020\/03\/2019-DT-V3N4-03_09-25-Mujeres-campesinas-y-turismo-rural.pdf\">Mujeres campesinas y turismo rural: estrategia de conservaci\u00f3n ambiental en Los Tuxtlas, Veracruz \/ Peasant women and rural tourism: an environmental conservation strategy in Los Tuxtlas, Veracruz<\/a><br> Ana Karen Reyes-Aguilar, <em>Universidad Aut\u00f3noma del Estado de M\u00e9xico<\/em><br> Roc\u00edo del Carmen Serrano-Barqu\u00edn, <em>Universidad Aut\u00f3noma del Estado de M\u00e9xico<\/em><br> Carlos Alberto P\u00e9rez-Ram\u00edrez, <em>Universidad Aut\u00f3noma del Estado de M\u00e9xico<\/em><br> Ruth Moreno-Barajas, <em>Universidad Aut\u00f3noma del Estado de M\u00e9xico<\/em><\/p>\n\n\n\n<div class=\"wp-block-file\"><a href=\"https:\/\/dimensionesturisticas.amiturismo.org\/wp-content\/uploads\/2020\/03\/2019-DT-V3N4-03_09-25-Mujeres-campesinas-y-turismo-rural.pdf\" class=\"wp-block-file__button\" download>PDF<\/a><\/div>\n\n\n\n<p class=\"has-small-font-size\"><a href=\"https:\/\/dimensionesturisticas.amiturismo.org\/wp-content\/uploads\/2020\/03\/2019-DT-V3N4-04_26-42-Turismo-comunitario-pro-pobre.pdf\">Turismo comunitario pro pobre y su definici\u00f3n de pobreza \/ Pro-poor community tourism and its poverty definition<\/a><br>Martha Marivel Mendoza Ontiveros, <em>Universidad Aut\u00f3noma del Estado de M\u00e9xico<\/em><br>Rafael Hern\u00e1ndez Espinosa, <em>Universidad Aut\u00f3noma del Estado de M\u00e9xico<\/em><\/p>\n\n\n\n<div class=\"wp-block-file\"><a href=\"https:\/\/dimensionesturisticas.amiturismo.org\/wp-content\/uploads\/2020\/03\/2019-DT-V3N4-04_26-42-Turismo-comunitario-pro-pobre.pdf\" class=\"wp-block-file__button\" download>PDF<\/a><\/div>\n\n\n\n<p class=\"has-small-font-size\"><a href=\"https:\/\/dimensionesturisticas.amiturismo.org\/wp-content\/uploads\/2020\/03\/2019-DT-V3N4-05_43-62-Conocimiento-para-la-innovaci\u00f3n-en-la-empresa-familiar.pdf\">Conocimiento para la innovaci\u00f3n en la empresa familiar hotelera. Caso: destino tur\u00edstico Mazatl\u00e1n \/ Knowledge for innovation in the family hotel business. Case: tourist destination Mazatlan<\/a><br>Ana Mar\u00eda Larra\u00f1aga N\u00fa\u00f1ez, <em>Universidad Aut\u00f3noma de Occidente Unidad Regional Culiac\u00e1n<\/em><br>Anel Yadira P\u00e9rez Melo, <em>Universidad Aut\u00f3noma de Occidente Unidad Regional Culiac\u00e1n<\/em><\/p>\n\n\n\n<div class=\"wp-block-file\"><a href=\"https:\/\/dimensionesturisticas.amiturismo.org\/wp-content\/uploads\/2020\/03\/2019-DT-V3N4-05_43-62-Conocimiento-para-la-innovaci\u00f3n-en-la-empresa-familiar.pdf\" class=\"wp-block-file__button\" download>PDF<\/a><\/div>\n\n\n\n<p class=\"has-small-font-size\"><a href=\"https:\/\/dimensionesturisticas.amiturismo.org\/wp-content\/uploads\/2020\/03\/2019-DT-V3N4-06_63-86-Percepci\u00f3n-del-turismo-como-fuente-de-bienestar.pdf\">Percepci\u00f3n del turismo como fuente de bienestar en comunidades rurales de Colima \/ Perception of tourism as a source of well-being in rural communities of Colima<\/a><br>Carlos Amaya Molinar, <em>Facultad de Turismo, Universidad de Colima<\/em><br>Irma Maga\u00f1a Carrillo, <em>Facultad de Turismo, Universidad de Colima<\/em><br>Ileana Ochoa Llamas, <em>Facultad de Turismo, Universidad de Colima<\/em><br>Yadira Guerra Montes, <em>Facultad de Turismo, Universidad de Colima<\/em><\/p>\n\n\n\n<div class=\"wp-block-file\"><a href=\"https:\/\/dimensionesturisticas.amiturismo.org\/wp-content\/uploads\/2020\/03\/2019-DT-V3N4-06_63-86-Percepci\u00f3n-del-turismo-como-fuente-de-bienestar.pdf\" class=\"wp-block-file__button\" download>PDF<\/a><\/div>\n\n\n\n<p class=\"has-small-font-size\"><a href=\"https:\/\/dimensionesturisticas.amiturismo.org\/wp-content\/uploads\/2020\/03\/2019-DT-V3N4-07_87-109-Gobernanza-y-gesti\u00f3n-del-turismo-m\u00e9dico-en-la-regi\u00f3n.pdf\">Gobernanza y gesti\u00f3n del turismo m\u00e9dico en la regi\u00f3n fronteriza de Ciudad Ju\u00e1rez-El Paso \/ Medical Tourism Governance and Management in the Border Region of Ciudad Juarez-El Paso<\/a><br>Mar\u00eda Teresa Mart\u00ednez-Almanza, <em>Universidad Aut\u00f3noma de Ciudad Ju\u00e1rez<\/em><br>Santos Alonso Morales-Mu\u00f1oz, <em>Universidad Aut\u00f3noma de Ciudad Ju\u00e1rez<\/em><br>Carlos Jes\u00fas Gonz\u00e1lez-Mac\u00edas, <em>Universidad Aut\u00f3noma de Ciudad Ju\u00e1rez<\/em><\/p>\n\n\n\n<div class=\"wp-block-file\"><a href=\"https:\/\/dimensionesturisticas.amiturismo.org\/wp-content\/uploads\/2020\/03\/2019-DT-V3N4-07_87-109-Gobernanza-y-gesti\u00f3n-del-turismo-m\u00e9dico-en-la-regi\u00f3n.pdf\" class=\"wp-block-file__button\" download>PDF<\/a><\/div>\n\n\n\n<h5>Essay \/ Nota Cr\u00edtica<\/h5>\n\n\n\n<p class=\"has-small-font-size\"><a href=\"https:\/\/dimensionesturisticas.amiturismo.org\/wp-content\/uploads\/2020\/03\/2019-DT-V3N4-08_110-116-El-turismo-como-instrumento-de-colonizaci\u00f3n.pdf\">El turismo como instrumento de colonizaci\u00f3n neoliberal: una perspectiva foucaultiana \/ Tourism as an instrument of neoliberal colonization: a Foucaultian perspective<\/a><br> Tzintli Ch\u00e1vez Luna, <em>Universidad Auton\u00f3ma del Estado de M\u00e9xico<\/em><\/p>\n\n\n\n<div class=\"wp-block-file\"><a href=\"https:\/\/dimensionesturisticas.amiturismo.org\/wp-content\/uploads\/2020\/03\/2019-DT-V3N4-08_110-116-El-turismo-como-instrumento-de-colonizaci\u00f3n.pdf\" class=\"wp-block-file__button\" download>PDF<\/a><\/div>\n\n\n\n<h5>Book review \/ Rese\u00f1a bibliogr\u00e1fica<\/h5>\n\n\n\n<p><a href=\"https:\/\/dimensionesturisticas.amiturismo.org\/wp-content\/uploads\/2020\/03\/2019-DT-V3N4-10_126-129-Rese\u00f1a-Impactos-socioculturales-del-turismo.pdf\">Impactos socioculturales del turismo. Dimensiones conceptuales, te\u00f3ricas y emp\u00edricas<\/a><br>Alfonso Gonz\u00e1lez Dami\u00e1n, <em>Universidad de Quintana Roo Unidad Acad\u00e9mica Cozumel<\/em><\/p>\n\n\n\n<div class=\"wp-block-file\"><a href=\"https:\/\/dimensionesturisticas.amiturismo.org\/wp-content\/uploads\/2020\/03\/2019-DT-V3N4-10_126-129-Rese\u00f1a-Impactos-socioculturales-del-turismo.pdf\" class=\"wp-block-file__button\" download>PDF<\/a><\/div>\n\n\n\n<h5> Rese\u00f1a de congreso \/ Congress review <\/h5>\n\n\n\n<p class=\"has-small-font-size\"><a href=\"https:\/\/dimensionesturisticas.amiturismo.org\/wp-content\/uploads\/2020\/03\/2019-DT-V3N4-09_117-125-rese\u00f1a-XII-Congreso-Internacional-AMIT.pdf\">Rese\u00f1a XII Congreso Internacional de Investigaci\u00f3n Tur\u00edstica Academia Mexicana de Investigaci\u00f3n Tur\u00edstica (amit)<\/a><br>Jos\u00e9 F. Dom\u00ednguez Estrada, <em>Universidad del Caribe<\/em><\/p>\n\n\n\n<div class=\"wp-block-file\"><a href=\"https:\/\/dimensionesturisticas.amiturismo.org\/wp-content\/uploads\/2020\/03\/2019-DT-V3N4-09_117-125-rese\u00f1a-XII-Congreso-Internacional-AMIT.pdf\" class=\"wp-block-file__button\" download>PDF<\/a><\/div>","protected":false},"excerpt":{"rendered":"<p>P\u00e1gina Legal P\u00e1gina Legal Presentaci\u00f3n \/ PresentationNora Leticia Bringas R\u00e1bago, Directora de Dimensiones Tur\u00edsticas Art\u00edculos \/ Articles Mujeres campesinas y turismo rural: estrategia de conservaci\u00f3n ambiental<span class=\"excerpt-hellip\"> [\u2026]<\/span><\/p>","protected":false},"author":1,"featured_media":0,"parent":0,"menu_order":0,"comment_status":"closed","ping_status":"closed","template":"","meta":[],"acf":[],"_links":{"self":[{"href":"https:\/\/dimensionesturisticas.amiturismo.org\/en\/wp-json\/wp\/v2\/pages\/135"}],"collection":[{"href":"https:\/\/dimensionesturisticas.amiturismo.org\/en\/wp-json\/wp\/v2\/pages"}],"about":[{"href":"https:\/\/dimensionesturisticas.amiturismo.org\/en\/wp-json\/wp\/v2\/types\/page"}],"author":[{"embeddable":true,"href":"https:\/\/dimensionesturisticas.amiturismo.org\/en\/wp-json\/wp\/v2\/users\/1"}],"replies":[{"embeddable":true,"href":"https:\/\/dimensionesturisticas.amiturismo.org\/en\/wp-json\/wp\/v2\/comments?post=135"}],"version-history":[{"count":7,"href":"https:\/\/dimensionesturisticas.amiturismo.org\/en\/wp-json\/wp\/v2\/pages\/135\/revisions"}],"predecessor-version":[{"id":167,"href":"https:\/\/dimensionesturisticas.amiturismo.org\/en\/wp-json\/wp\/v2\/pages\/135\/revisions\/167"}],"wp:attachment":[{"href":"https:\/\/dimensionesturisticas.amiturismo.org\/en\/wp-json\/wp\/v2\/media?parent=135"}],"curies":[{"name":"wp","href":"https:\/\/api.w.org\/{rel}","templated":true}]}}