{"id":105,"date":"2020-03-08T07:22:58","date_gmt":"2020-03-08T07:22:58","guid":{"rendered":"https:\/\/dimensionesturisticas.amiturismo.org\/?page_id=105"},"modified":"2021-11-30T21:57:56","modified_gmt":"2021-11-30T21:57:56","slug":"vol-2-num-3-julio-diciembre-2018","status":"publish","type":"page","link":"https:\/\/dimensionesturisticas.amiturismo.org\/en\/vol-2-num-3-julio-diciembre-2018","title":{"rendered":"Vol. 2 N\u00fam. 3 julio-diciembre 2018"},"content":{"rendered":"<h5>Legal Page<\/h5>\n\n\n\n<p><a href=\"https:\/\/dimensionesturisticas.amiturismo.org\/wp-content\/uploads\/2020\/03\/2018-DT-V2N3-01-Legal.pdf\" target=\"_blank\" rel=\"noreferrer noopener\" aria-label=\" (se abre en una nueva pesta\u00f1a)\">Legal Page<\/a><\/p>\n\n\n\n<div class=\"wp-block-file\"><a href=\"https:\/\/dimensionesturisticas.amiturismo.org\/wp-content\/uploads\/2020\/03\/2018-DT-V2N3-01-Legal.pdf\" class=\"wp-block-file__button\" download>PDF<\/a><\/div>\n\n\n\n<p><a href=\"https:\/\/dimensionesturisticas.amiturismo.org\/wp-content\/uploads\/2020\/03\/2018-DT-V2N3-02-Presentacion.pdf\">Presentation \/ Presentaci\u00f3n<\/a><br>Nora Leticia Bringas R\u00e1bago, <em>Directora de Dimensiones Tur\u00edsticas<\/em><\/p>\n\n\n\n<div class=\"wp-block-file\"><a href=\"https:\/\/dimensionesturisticas.amiturismo.org\/wp-content\/uploads\/2020\/03\/2018-DT-V2N3-02-Presentacion.pdf\" class=\"wp-block-file__button\" download>PDF<\/a><\/div>\n\n\n\n<h5>Articles \/ Art\u00edculos <\/h5>\n\n\n\n<p class=\"has-small-font-size\"><a href=\"https:\/\/dimensionesturisticas.amiturismo.org\/wp-content\/uploads\/2020\/03\/2018-DT-V2N3-03_08-24-Mtz-Moncada-y-Sosa.pdf\">Panorama de la oferta y la demanda de la plataforma Airbnb e implicaciones para el turismo en Canc\u00fan, Quintana Roo, M\u00e9xico \/ Airbnb\u2019s supply and demand overview in Cancun, Quintana Roo and its implications for tourism<\/a><br>Claudia In\u00e9s Mart\u00ednez, <em>Universidad del Caribe<\/em><br>Pedro Moncada Jim\u00e9nez, <em>Universidad del Caribe<\/em><br>Ana Pricila Sosa Ferreira, <em>Universidad del Caribe<\/em><\/p>\n\n\n\n<div class=\"wp-block-file\"><a href=\"https:\/\/dimensionesturisticas.amiturismo.org\/wp-content\/uploads\/2020\/03\/2018-DT-V2N3-03_08-24-Mtz-Moncada-y-Sosa.pdf\" class=\"wp-block-file__button\" download>PDF<\/a><\/div>\n\n\n\n<p class=\"has-small-font-size\"><a href=\"https:\/\/dimensionesturisticas.amiturismo.org\/wp-content\/uploads\/2020\/03\/2018-DT-V2N3-04_25-47-Ixtapa.pdf\">El inicio de Ixtapan de la Sal como emporio tur\u00edstico \/ The start of Ixtapan de la Sal as a tourism emporioum<\/a><br>Graciela Cruz Jim\u00e9nez, <em>Centro de Investigaci\u00f3n y Estudios Tur\u00edsticos Universidad Aut\u00f3noma del Estado de M\u00e9xico<\/em><br>Cecilia Cadena Inostroza, <em>El Colegio Mexiquense<\/em><\/p>\n\n\n\n<div class=\"wp-block-file\"><a href=\"https:\/\/dimensionesturisticas.amiturismo.org\/wp-content\/uploads\/2020\/03\/2018-DT-V2N3-04_25-47-Ixtapa.pdf\" class=\"wp-block-file__button\" download>PDF<\/a><\/div>\n\n\n\n<p class=\"has-small-font-size\"><a href=\"https:\/\/dimensionesturisticas.amiturismo.org\/wp-content\/uploads\/2020\/03\/2018-DT-V2N3-05_48-74-Gzlz-Cuevas-Zizaldra.pdf\">Empoderamiento femenino y competitividad: caso restaurante Tierra y Cielo, en San Crist\u00f3bal de Las Casas, Chiapas, M\u00e9xico \/ Feminine empowerment and competitiveness: the case of the Tierra y Cielo restaurant in San Crist\u00f3bal de las Casas, Chiapas, M\u00e9xico<\/a><br>Carlos Jes\u00fas Gonz\u00e1lez-Mac\u00edas, <em>Universidad Aut\u00f3noma de Ciudad Ju\u00e1rez<\/em><br>Tom\u00e1s Jes\u00fas Cuevas-Contreras, <em>Universidad Aut\u00f3noma de Ciudad Ju\u00e1rez<\/em><br>Isabel Zizaldra-Hern\u00e1ndez, <em>Universidad Aut\u00f3noma de Ciudad Ju\u00e1rez<\/em><\/p>\n\n\n\n<div class=\"wp-block-file\"><a href=\"https:\/\/dimensionesturisticas.amiturismo.org\/wp-content\/uploads\/2020\/03\/2018-DT-V2N3-05_48-74-Gzlz-Cuevas-Zizaldra.pdf\" class=\"wp-block-file__button\" download>PDF<\/a><\/div>\n\n\n\n<p class=\"has-small-font-size\"><a href=\"https:\/\/dimensionesturisticas.amiturismo.org\/wp-content\/uploads\/2020\/03\/2018-DT-V2N3-06_75-90-Gamez-Juarez-Guevara.pdf\">Signos distintivos en comunidades rurales de Baja California Sur, M\u00e9xico: una estrategia para impulsar el turismo rural \/ Distinctive signs in rural communities of Baja California Sur, Mexico: a strategy to promote rural tourism<\/a><br>Alba E. G\u00e1mez,<em> Departamento Acad\u00e9mico de Econom\u00eda Universidad Aut\u00f3noma de Baja California Sur<\/em><br>Eduardo Ju\u00e1rez, <em>Departamento Acad\u00e9mico de Econom\u00eda Universidad Aut\u00f3noma de Baja California Sur<\/em><br>Jos\u00e9 Alfredo Guevara-Franco, <em>Departamento Acad\u00e9mico de Ciencia Animal y Conservaci\u00f3n del H\u00e1bitat Universidad Aut\u00f3noma de Baja California Sur<\/em><\/p>\n\n\n\n<div class=\"wp-block-file\"><a href=\"https:\/\/dimensionesturisticas.amiturismo.org\/wp-content\/uploads\/2020\/03\/2018-DT-V2N3-06_75-90-Gamez-Juarez-Guevara.pdf\" class=\"wp-block-file__button\" download>PDF<\/a><\/div>\n\n\n\n<p class=\"has-small-font-size\"><a href=\"https:\/\/dimensionesturisticas.amiturismo.org\/wp-content\/uploads\/2020\/03\/2018-DT-V2N3-07_91-110-Guerrero-Perez-Alvarado.pdf\">\u00bfQu\u00e9 opinan nuestros turistas? Un an\u00e1lisis tem\u00e1tico en TripAdvisor sobre atractivos tur\u00edsticos de la ciudad de Guanajuato \/ What do our tourists think? A thematic analysis on TripAdvisor about tourist attractions in the city of Guanajuato<\/a><br>Rafael Guerrero Rodr\u00edguez, <em>Departamento de Gesti\u00f3n y Direcci\u00f3n de Empresas Universidad de Guanajuato<\/em><br>M\u00f3nica P\u00e9rez S\u00e1nchez, <em>Departamento de Gesti\u00f3n y Direcci\u00f3n de Empresas Universidad de Guanajuato<\/em><br>Ilia Alvarado Sizzo, <em>Instituto de Geograf\u00eda Universidad Nacional Aut\u00f3noma de M\u00e9xico<\/em><\/p>\n\n\n\n<div class=\"wp-block-file\"><a href=\"https:\/\/dimensionesturisticas.amiturismo.org\/wp-content\/uploads\/2020\/03\/2018-DT-V2N3-07_91-110-Guerrero-Perez-Alvarado.pdf\" class=\"wp-block-file__button\" download>PDF<\/a><\/div>\n\n\n\n<h5>Essay \/ Nota Cr\u00edtica <\/h5>\n\n\n\n<p class=\"has-small-font-size\"><a href=\"https:\/\/dimensionesturisticas.amiturismo.org\/wp-content\/uploads\/2020\/03\/2018-DT-V2N3-08_111-116-Nota-Wallingre.pdf\">Interrogantes sobre producciones y publicaciones acad\u00e9micas en turismo \/ Questions on tourism academic production<\/a><br> Noem\u00ed Wallingre, <em>Licenciatura en Turismo y Hoteler\u00eda Universidad Nacional de Quilmes, Argentina<\/em><\/p>\n\n\n\n<div class=\"wp-block-file\"><a href=\"https:\/\/dimensionesturisticas.amiturismo.org\/wp-content\/uploads\/2020\/03\/2018-DT-V2N3-08_111-116-Nota-Wallingre.pdf\" class=\"wp-block-file__button\" download>PDF<\/a><\/div>\n\n\n\n<h5>Book review \/ Rese\u00f1a bibliogr\u00e1fica <\/h5>\n\n\n\n<p class=\"has-small-font-size\"><a href=\"https:\/\/dimensionesturisticas.amiturismo.org\/wp-content\/uploads\/2020\/03\/2018-DT-V2N3-09_117-120-Rese\u00f1a-AlvaroL\u00f3pez.pdf\">Turismo residencial en M\u00e9xico. Comportamientos socio-espaciales<\/a><br> \u00c1lvaro L\u00f3pez L\u00f3pez, <em>Instituto de Geograf\u00eda Universidad Nacional Aut\u00f3noma de M\u00e9xico<\/em><\/p>\n\n\n\n<div class=\"wp-block-file\"><a href=\"https:\/\/dimensionesturisticas.amiturismo.org\/wp-content\/uploads\/2020\/03\/2018-DT-V2N3-09_117-120-Rese\u00f1a-AlvaroL\u00f3pez.pdf\" class=\"wp-block-file__button\" download>PDF<\/a><\/div>\n\n\n\n<h5>Rese\u00f1a de congreso \/ Congress review<\/h5>\n\n\n\n<p class=\"has-small-font-size\"><a href=\"https:\/\/dimensionesturisticas.amiturismo.org\/wp-content\/uploads\/2020\/03\/2018-DT-V2N3-10_121-124-Rese\u00f1a-Congreso-Zermeno.pdf\">2018 Foro de Creatividad, Innovaci\u00f3n y Competitividad en Turismo entre la realidad empresarial y la academia<\/a><br> Sonia Guadalupe Zerme\u00f1o Flores, <em>Universidad Estatal de Sonora<\/em><\/p>\n\n\n\n<div class=\"wp-block-file\"><a href=\"https:\/\/dimensionesturisticas.amiturismo.org\/wp-content\/uploads\/2020\/03\/2018-DT-V2N3-10_121-124-Rese\u00f1a-Congreso-Zermeno.pdf\" class=\"wp-block-file__button\" download>PDF<\/a><\/div>","protected":false},"excerpt":{"rendered":"<p>P\u00e1gina Legal P\u00e1gina legal Presentaci\u00f3n \/ PresentationNora Leticia Bringas R\u00e1bago, Directora de Dimensiones Tur\u00edsticas Art\u00edculos \/ Articles Panorama de la oferta y la demanda de la<span class=\"excerpt-hellip\"> [\u2026]<\/span><\/p>","protected":false},"author":1,"featured_media":0,"parent":0,"menu_order":0,"comment_status":"closed","ping_status":"closed","template":"","meta":[],"acf":[],"_links":{"self":[{"href":"https:\/\/dimensionesturisticas.amiturismo.org\/en\/wp-json\/wp\/v2\/pages\/105"}],"collection":[{"href":"https:\/\/dimensionesturisticas.amiturismo.org\/en\/wp-json\/wp\/v2\/pages"}],"about":[{"href":"https:\/\/dimensionesturisticas.amiturismo.org\/en\/wp-json\/wp\/v2\/types\/page"}],"author":[{"embeddable":true,"href":"https:\/\/dimensionesturisticas.amiturismo.org\/en\/wp-json\/wp\/v2\/users\/1"}],"replies":[{"embeddable":true,"href":"https:\/\/dimensionesturisticas.amiturismo.org\/en\/wp-json\/wp\/v2\/comments?post=105"}],"version-history":[{"count":6,"href":"https:\/\/dimensionesturisticas.amiturismo.org\/en\/wp-json\/wp\/v2\/pages\/105\/revisions"}],"predecessor-version":[{"id":134,"href":"https:\/\/dimensionesturisticas.amiturismo.org\/en\/wp-json\/wp\/v2\/pages\/105\/revisions\/134"}],"wp:attachment":[{"href":"https:\/\/dimensionesturisticas.amiturismo.org\/en\/wp-json\/wp\/v2\/media?parent=105"}],"curies":[{"name":"wp","href":"https:\/\/api.w.org\/{rel}","templated":true}]}}